{"id":24,"date":"2024-08-01T12:53:59","date_gmt":"2024-08-01T10:53:59","guid":{"rendered":"https:\/\/oconnors.stage.dekodes.no\/alesund\/?page_id=24"},"modified":"2025-02-14T16:17:07","modified_gmt":"2025-02-14T15:17:07","slug":"drikke","status":"publish","type":"page","link":"https:\/\/oconnors.stage.dekodes.no\/alesund\/drikke\/","title":{"rendered":"Drikke"},"content":{"rendered":"\n\t<div style=\"--t2-hero-dim:0.6;\" class=\"t2-hero t2-hero-content-position-center-center t2-hero-has-dim-60 t2-hero-has-fullsize-image alignfull wp-block-t2-hero alignfull\">\n\t\t<img decoding=\"async\" width=\"2560\" height=\"1710\" src=\"https:\/\/resthon.stage.dekodes.no\/content\/uploads\/sites\/3\/2024\/04\/142914_O\u00b4Conner\u00b4s-Alesund-Postcard-@CarlFIlipOlsson-2-2560x1710.jpg\" class=\"t2-hero__image\" alt=\"Tre menn og en kvinne som sitter med ryggen mot kameraet foran en barbenk\" style=\"object-position: 50% 50%;\" loading=\"eager\" fetchpriority=\"high\" srcset=\"https:\/\/resthon.stage.dekodes.no\/content\/uploads\/sites\/3\/2024\/04\/142914_O\u00b4Conner\u00b4s-Alesund-Postcard-@CarlFIlipOlsson-2-2560x1710.jpg 2560w, https:\/\/resthon.stage.dekodes.no\/content\/uploads\/sites\/3\/2024\/04\/142914_O\u00b4Conner\u00b4s-Alesund-Postcard-@CarlFIlipOlsson-2-300x200.jpg 300w, https:\/\/resthon.stage.dekodes.no\/content\/uploads\/sites\/3\/2024\/04\/142914_O\u00b4Conner\u00b4s-Alesund-Postcard-@CarlFIlipOlsson-2-1024x684.jpg 1024w, https:\/\/resthon.stage.dekodes.no\/content\/uploads\/sites\/3\/2024\/04\/142914_O\u00b4Conner\u00b4s-Alesund-Postcard-@CarlFIlipOlsson-2-768x513.jpg 768w, https:\/\/resthon.stage.dekodes.no\/content\/uploads\/sites\/3\/2024\/04\/142914_O\u00b4Conner\u00b4s-Alesund-Postcard-@CarlFIlipOlsson-2-1536x1026.jpg 1536w, https:\/\/resthon.stage.dekodes.no\/content\/uploads\/sites\/3\/2024\/04\/142914_O\u00b4Conner\u00b4s-Alesund-Postcard-@CarlFIlipOlsson-2-2048x1368.jpg 2048w\" sizes=\"(max-width: 2560px) 100vw, 2560px\" \/>\n\t\t<div class=\"t2-hero__header\"><div class=\"t2-hero__header__content\">\n\n<h1 class=\"wp-block-heading alignwide has-text-align-center\" id=\"h-drikke\">Drikke<\/h1>\n\n\n\n<p>Utforsk v\u00e5rt varierte drikkeutvalg. Velkommen til en ny smaksopplevelse!<\/p>\n\n\n\n<div class=\"wp-block-buttons is-content-justification-center is-layout-flex wp-container-core-buttons-is-layout-a89b3969 wp-block-buttons-is-layout-flex\">\n<div class=\"wp-block-button\"><a class=\"wp-block-button__link wp-element-button\" href=\"#menu-container\">Se v\u00e5r drikkemeny<\/a><\/div>\n<\/div>\n\n<\/div><\/div>\n\t<\/div>","protected":false},"excerpt":{"rendered":"","protected":false},"author":3,"featured_media":0,"parent":0,"menu_order":0,"comment_status":"closed","ping_status":"closed","template":"","meta":{"_acf_changed":false,"editor_notices":[],"footnotes":""},"class_list":["post-24","page","type-page","status-publish","hentry"],"acf":[],"yoast_head":"<!-- This site is optimized with the Yoast SEO Premium plugin v27.3 (Yoast SEO v27.3) - https:\/\/yoast.com\/product\/yoast-seo-premium-wordpress\/ -->\n<title>Utforsk v\u00e5rt varierte drikkeutvalg n\u00e5! - O&#039;Connors \u00c5lesund<\/title>\n<meta name=\"description\" content=\"Oppdag spennende smaker i v\u00e5rt varierte drikkeutvalg. Velkommen til en ny smaksopplevelse med v\u00e5r omfattende drikkemeny!\" \/>\n<meta name=\"robots\" content=\"noindex, follow, max-snippet:-1, max-image-preview:large, max-video-preview:-1\" \/>\n<meta property=\"og:locale\" content=\"nb_NO\" \/>\n<meta property=\"og:type\" content=\"article\" \/>\n<meta property=\"og:title\" content=\"Drikke\" \/>\n<meta property=\"og:description\" content=\"Oppdag spennende smaker i v\u00e5rt varierte drikkeutvalg. Velkommen til en ny smaksopplevelse med v\u00e5r omfattende drikkemeny!\" \/>\n<meta property=\"og:url\" content=\"https:\/\/oconnors.stage.dekodes.no\/alesund\/drikke\/\" \/>\n<meta property=\"og:site_name\" content=\"O&#039;Connors \u00c5lesund\" \/>\n<meta property=\"article:modified_time\" content=\"2025-02-14T15:17:07+00:00\" \/>\n<meta name=\"twitter:card\" content=\"summary_large_image\" \/>\n<meta name=\"twitter:label1\" content=\"Ansl. lesetid\" \/>\n\t<meta name=\"twitter:data1\" content=\"1 minutt\" \/>\n<script type=\"application\/ld+json\" class=\"yoast-schema-graph\">{\"@context\":\"https:\\\/\\\/schema.org\",\"@graph\":[{\"@type\":\"WebPage\",\"@id\":\"https:\\\/\\\/oconnors.stage.dekodes.no\\\/alesund\\\/drikke\\\/\",\"url\":\"https:\\\/\\\/oconnors.stage.dekodes.no\\\/alesund\\\/drikke\\\/\",\"name\":\"Utforsk v\u00e5rt varierte drikkeutvalg n\u00e5! - O&#039;Connors \u00c5lesund\",\"isPartOf\":{\"@id\":\"https:\\\/\\\/oconnors.stage.dekodes.no\\\/alesund\\\/#website\"},\"datePublished\":\"2024-08-01T10:53:59+00:00\",\"dateModified\":\"2025-02-14T15:17:07+00:00\",\"description\":\"Oppdag spennende smaker i v\u00e5rt varierte drikkeutvalg. Velkommen til en ny smaksopplevelse med v\u00e5r omfattende drikkemeny!\",\"breadcrumb\":{\"@id\":\"https:\\\/\\\/oconnors.stage.dekodes.no\\\/alesund\\\/drikke\\\/#breadcrumb\"},\"inLanguage\":\"nb-NO\",\"potentialAction\":[{\"@type\":\"ReadAction\",\"target\":[\"https:\\\/\\\/oconnors.stage.dekodes.no\\\/alesund\\\/drikke\\\/\"]}]},{\"@type\":\"BreadcrumbList\",\"@id\":\"https:\\\/\\\/oconnors.stage.dekodes.no\\\/alesund\\\/drikke\\\/#breadcrumb\",\"itemListElement\":[{\"@type\":\"ListItem\",\"position\":1,\"name\":\"Home\",\"item\":\"https:\\\/\\\/oconnors.stage.dekodes.no\\\/alesund\\\/\"},{\"@type\":\"ListItem\",\"position\":2,\"name\":\"Drikke\"}]},{\"@type\":\"WebSite\",\"@id\":\"https:\\\/\\\/oconnors.stage.dekodes.no\\\/alesund\\\/#website\",\"url\":\"https:\\\/\\\/oconnors.stage.dekodes.no\\\/alesund\\\/\",\"name\":\"O&#039;Connors \u00c5lesund\",\"description\":\"\",\"publisher\":{\"@id\":\"https:\\\/\\\/oconnors.stage.dekodes.no\\\/alesund\\\/#organization\"},\"potentialAction\":[{\"@type\":\"SearchAction\",\"target\":{\"@type\":\"EntryPoint\",\"urlTemplate\":\"https:\\\/\\\/oconnors.stage.dekodes.no\\\/alesund\\\/?s={search_term_string}\"},\"query-input\":{\"@type\":\"PropertyValueSpecification\",\"valueRequired\":true,\"valueName\":\"search_term_string\"}}],\"inLanguage\":\"nb-NO\"},{\"@type\":\"Organization\",\"@id\":\"https:\\\/\\\/oconnors.stage.dekodes.no\\\/alesund\\\/#organization\",\"name\":\"O&#039;Connors \u00c5lesund\",\"url\":\"https:\\\/\\\/oconnors.stage.dekodes.no\\\/alesund\\\/\",\"logo\":{\"@type\":\"ImageObject\",\"inLanguage\":\"nb-NO\",\"@id\":\"https:\\\/\\\/oconnors.stage.dekodes.no\\\/alesund\\\/#\\\/schema\\\/logo\\\/image\\\/\",\"url\":\"https:\\\/\\\/resthon.stage.dekodes.no\\\/content\\\/uploads\\\/sites\\\/3\\\/2024\\\/03\\\/logo-oconnors-aalesund.svg\",\"contentUrl\":\"https:\\\/\\\/resthon.stage.dekodes.no\\\/content\\\/uploads\\\/sites\\\/3\\\/2024\\\/03\\\/logo-oconnors-aalesund.svg\",\"caption\":\"O&#039;Connors \u00c5lesund\"},\"image\":{\"@id\":\"https:\\\/\\\/oconnors.stage.dekodes.no\\\/alesund\\\/#\\\/schema\\\/logo\\\/image\\\/\"}}]}<\/script>\n<!-- \/ Yoast SEO Premium plugin. -->","yoast_head_json":{"title":"Utforsk v\u00e5rt varierte drikkeutvalg n\u00e5! - O&#039;Connors \u00c5lesund","description":"Oppdag spennende smaker i v\u00e5rt varierte drikkeutvalg. Velkommen til en ny smaksopplevelse med v\u00e5r omfattende drikkemeny!","robots":{"index":"noindex","follow":"follow","max-snippet":"max-snippet:-1","max-image-preview":"max-image-preview:large","max-video-preview":"max-video-preview:-1"},"og_locale":"nb_NO","og_type":"article","og_title":"Drikke","og_description":"Oppdag spennende smaker i v\u00e5rt varierte drikkeutvalg. Velkommen til en ny smaksopplevelse med v\u00e5r omfattende drikkemeny!","og_url":"https:\/\/oconnors.stage.dekodes.no\/alesund\/drikke\/","og_site_name":"O&#039;Connors \u00c5lesund","article_modified_time":"2025-02-14T15:17:07+00:00","twitter_card":"summary_large_image","twitter_misc":{"Ansl. lesetid":"1 minutt"},"schema":{"@context":"https:\/\/schema.org","@graph":[{"@type":"WebPage","@id":"https:\/\/oconnors.stage.dekodes.no\/alesund\/drikke\/","url":"https:\/\/oconnors.stage.dekodes.no\/alesund\/drikke\/","name":"Utforsk v\u00e5rt varierte drikkeutvalg n\u00e5! - O&#039;Connors \u00c5lesund","isPartOf":{"@id":"https:\/\/oconnors.stage.dekodes.no\/alesund\/#website"},"datePublished":"2024-08-01T10:53:59+00:00","dateModified":"2025-02-14T15:17:07+00:00","description":"Oppdag spennende smaker i v\u00e5rt varierte drikkeutvalg. Velkommen til en ny smaksopplevelse med v\u00e5r omfattende drikkemeny!","breadcrumb":{"@id":"https:\/\/oconnors.stage.dekodes.no\/alesund\/drikke\/#breadcrumb"},"inLanguage":"nb-NO","potentialAction":[{"@type":"ReadAction","target":["https:\/\/oconnors.stage.dekodes.no\/alesund\/drikke\/"]}]},{"@type":"BreadcrumbList","@id":"https:\/\/oconnors.stage.dekodes.no\/alesund\/drikke\/#breadcrumb","itemListElement":[{"@type":"ListItem","position":1,"name":"Home","item":"https:\/\/oconnors.stage.dekodes.no\/alesund\/"},{"@type":"ListItem","position":2,"name":"Drikke"}]},{"@type":"WebSite","@id":"https:\/\/oconnors.stage.dekodes.no\/alesund\/#website","url":"https:\/\/oconnors.stage.dekodes.no\/alesund\/","name":"O&#039;Connors \u00c5lesund","description":"","publisher":{"@id":"https:\/\/oconnors.stage.dekodes.no\/alesund\/#organization"},"potentialAction":[{"@type":"SearchAction","target":{"@type":"EntryPoint","urlTemplate":"https:\/\/oconnors.stage.dekodes.no\/alesund\/?s={search_term_string}"},"query-input":{"@type":"PropertyValueSpecification","valueRequired":true,"valueName":"search_term_string"}}],"inLanguage":"nb-NO"},{"@type":"Organization","@id":"https:\/\/oconnors.stage.dekodes.no\/alesund\/#organization","name":"O&#039;Connors \u00c5lesund","url":"https:\/\/oconnors.stage.dekodes.no\/alesund\/","logo":{"@type":"ImageObject","inLanguage":"nb-NO","@id":"https:\/\/oconnors.stage.dekodes.no\/alesund\/#\/schema\/logo\/image\/","url":"https:\/\/resthon.stage.dekodes.no\/content\/uploads\/sites\/3\/2024\/03\/logo-oconnors-aalesund.svg","contentUrl":"https:\/\/resthon.stage.dekodes.no\/content\/uploads\/sites\/3\/2024\/03\/logo-oconnors-aalesund.svg","caption":"O&#039;Connors \u00c5lesund"},"image":{"@id":"https:\/\/oconnors.stage.dekodes.no\/alesund\/#\/schema\/logo\/image\/"}}]}},"_links":{"self":[{"href":"https:\/\/oconnors.stage.dekodes.no\/alesund\/wp-json\/wp\/v2\/pages\/24","targetHints":{"allow":["GET"]}}],"collection":[{"href":"https:\/\/oconnors.stage.dekodes.no\/alesund\/wp-json\/wp\/v2\/pages"}],"about":[{"href":"https:\/\/oconnors.stage.dekodes.no\/alesund\/wp-json\/wp\/v2\/types\/page"}],"author":[{"embeddable":true,"href":"https:\/\/oconnors.stage.dekodes.no\/alesund\/wp-json\/wp\/v2\/users\/3"}],"replies":[{"embeddable":true,"href":"https:\/\/oconnors.stage.dekodes.no\/alesund\/wp-json\/wp\/v2\/comments?post=24"}],"version-history":[{"count":5,"href":"https:\/\/oconnors.stage.dekodes.no\/alesund\/wp-json\/wp\/v2\/pages\/24\/revisions"}],"predecessor-version":[{"id":790,"href":"https:\/\/oconnors.stage.dekodes.no\/alesund\/wp-json\/wp\/v2\/pages\/24\/revisions\/790"}],"wp:attachment":[{"href":"https:\/\/oconnors.stage.dekodes.no\/alesund\/wp-json\/wp\/v2\/media?parent=24"}],"curies":[{"name":"wp","href":"https:\/\/api.w.org\/{rel}","templated":true}]}}