{"id":16,"date":"2026-01-05T12:51:00","date_gmt":"2026-01-05T11:51:00","guid":{"rendered":"https:\/\/oconnors.stage.dekodes.no\/bergen\/?page_id=16"},"modified":"2026-01-07T11:32:37","modified_gmt":"2026-01-07T10:32:37","slug":"mat","status":"publish","type":"page","link":"https:\/\/oconnors.stage.dekodes.no\/bergen\/mat\/","title":{"rendered":"Mat"},"content":{"rendered":"\n\t<div style=\"--t2-hero-dim:0.6;\" class=\"t2-hero t2-hero-content-position-center-center t2-hero-has-dim-60 t2-hero-has-fullsize-image alignfull wp-block-t2-hero alignfull\">\n\t\t<img decoding=\"async\" width=\"2560\" height=\"1829\" src=\"https:\/\/resthon.stage.dekodes.no\/content\/uploads\/sites\/4\/2024\/07\/7IV0433-2560x1829.jpg\" class=\"t2-hero__image\" alt=\"En mann som sitter ved et bord p\u00e5 O&#039;Connor&#039;s Bergen med mat p\u00e5 bordet. Han drikker en \u00f8l.\" style=\"object-position: 57% 53%;\" loading=\"eager\" fetchpriority=\"high\" srcset=\"https:\/\/resthon.stage.dekodes.no\/content\/uploads\/sites\/4\/2024\/07\/7IV0433-2560x1829.jpg 2560w, https:\/\/resthon.stage.dekodes.no\/content\/uploads\/sites\/4\/2024\/07\/7IV0433-300x214.jpg 300w, https:\/\/resthon.stage.dekodes.no\/content\/uploads\/sites\/4\/2024\/07\/7IV0433-1024x731.jpg 1024w, https:\/\/resthon.stage.dekodes.no\/content\/uploads\/sites\/4\/2024\/07\/7IV0433-768x549.jpg 768w, https:\/\/resthon.stage.dekodes.no\/content\/uploads\/sites\/4\/2024\/07\/7IV0433-1536x1097.jpg 1536w, https:\/\/resthon.stage.dekodes.no\/content\/uploads\/sites\/4\/2024\/07\/7IV0433-2048x1463.jpg 2048w\" sizes=\"(max-width: 2560px) 100vw, 2560px\" \/>\n\t\t<div class=\"t2-hero__header\"><div class=\"t2-hero__header__content\">\n\n<h1 class=\"wp-block-heading alignwide has-text-align-center\" id=\"h-mat\">Mat<\/h1>\n\n\n\n<p>Sl\u00e5 deg ned med litt klassisk pubmat, eller pr\u00f8v en av v\u00e5re irske klassikere<\/p>\n\n\n\n<div class=\"wp-block-buttons is-content-justification-center is-layout-flex wp-container-core-buttons-is-layout-a89b3969 wp-block-buttons-is-layout-flex\">\n<div class=\"wp-block-button\"><a class=\"wp-block-button__link wp-element-button\" href=\"#matmeny\">Se v\u00e5r meny<\/a><\/div>\n<\/div>\n\n<\/div><\/div>\n\t<\/div>\n\n\n<h2 class=\"wp-block-heading\" id=\"h-litt-snacks-til-drikken\">Litt snacks til drikken<\/h2>\n\n\n\n<p>Hos oss kan du nyte kvelden med noen klassiske pubretter, om du er i hum\u00f8r til lett snacks eller noe litt mer mettende. <\/p>\n\n\n\t<div class=\"resthon-food-menu wp-block-resthon-food-menu\" id=\"matmeny\">\n\t\t\t\t\t<ul class=\"resthon-food-menu__switch\">\n\t\t\t\t\t\t\t\t\t<li class=\"is-selected\" data-lang=\"no\">Norsk<\/li>\n\t\t\t\t\t\t\t\t\t<li class=\"\" data-lang=\"en\">English<\/li>\n\t\t\t\t\t\t\t<\/ul>\n\t\t\t\t\t\t\t<h1 class=\"resthon-food-menu__title\"  data-no='Meny' data-en='Menu'>Meny<\/h1>\n\t\t\t\t\t\t\t<div class=\"resthon-food-menu__navigation\">\n\t\t\t\t<div class=\"swiper\">\n\t\t\t\t\t<ul class=\"swiper-wrapper\">\n\t\t\t\t\t\t\t\t\t\t\t\t\t<li class=\"swiper-slide\"><a href='#hovedrett' data-no='Hovedrett' data-en='Main Course'>Hovedrett<\/a><\/li>\n\t\t\t\t\t\t\t\t\t\t\t\t\t<li class=\"swiper-slide\"><a href='#dessert' data-no='Dessert'>Dessert<\/a><\/li>\n\t\t\t\t\t\t\t\t\t\t\t<\/ul>\n\t\t\t\t<\/div>\n\t\t\t\t<div class=\"swiper-button-prev\"><svg xmlns=\"http:\/\/www.w3.org\/2000\/svg\" viewBox=\"0 0 16 16\" height=\"24\" width=\"24\" class=\"t2-icon t2-icon-chevronright\" aria-hidden=\"true\" focusable=\"false\"><path d=\"M6.409 3.962A.856.856 0 0 0 6 4.337a.859.859 0 0 0-.016.636c.034.071.537.595 1.506 1.567L8.946 8 7.49 9.46c-.969.972-1.472 1.496-1.506 1.567a.862.862 0 0 0 .012.626.755.755 0 0 0 .914.387c.136-.044.237-.14 1.924-1.823 1.298-1.295 1.796-1.809 1.839-1.897a.803.803 0 0 0 .034-.564c-.044-.135-.145-.241-1.823-1.923-1.293-1.296-1.81-1.797-1.897-1.84a.877.877 0 0 0-.578-.031\"\/><\/svg><\/div>\n\t\t\t\t<div class=\"swiper-button-next\"><svg xmlns=\"http:\/\/www.w3.org\/2000\/svg\" viewBox=\"0 0 16 16\" height=\"24\" width=\"24\" class=\"t2-icon t2-icon-chevronright\" aria-hidden=\"true\" focusable=\"false\"><path d=\"M6.409 3.962A.856.856 0 0 0 6 4.337a.859.859 0 0 0-.016.636c.034.071.537.595 1.506 1.567L8.946 8 7.49 9.46c-.969.972-1.472 1.496-1.506 1.567a.862.862 0 0 0 .012.626.755.755 0 0 0 .914.387c.136-.044.237-.14 1.924-1.823 1.298-1.295 1.796-1.809 1.839-1.897a.803.803 0 0 0 .034-.564c-.044-.135-.145-.241-1.823-1.923-1.293-1.296-1.81-1.797-1.897-1.84a.877.877 0 0 0-.578-.031\"\/><\/svg><\/div>\n\t\t\t<\/div>\n\t\t\t\t\n\t<div class=\"resthon-food-menu-category wp-block-resthon-food-menu-category\" id=\"hovedrett\">\n\t\t\t\t\t\t\t\t\t<h2 class=\"resthon-food-menu-category__title\" data-no='Hovedrett' data-en='Main Course'>Hovedrett<\/h2>\n\t\t\t\t\t\t\t<div class=\"resthon-food-menu-category__inner\">\n\t\t\t\n\t<div class=\"resthon-food-menu-item wp-block-resthon-food-menu-item\">\n\t\t\t\t\t\t\t<div class=\"resthon-food-menu-item__head\">\n\t\t\t\t<h4 class=\"resthon-food-menu-item__title\"  data-no='SPARERIBS' data-en='SPARE RIBS'>SPARERIBS<\/h4>\n\t\t\t\t\t\t\t\t\t<p class=\"resthon-food-menu-item__price\"  data-no='339' data-en='339'>339<\/p>\n\t\t\t\t\t\t\t<\/div>\n\t\t\t\t\t\t\t<p class=\"resthon-food-menu-item__description\"  data-no='Guinness-glaserte spareribs av svin. Serveres med coleslaw eller potetgull og\u00a0BBQ-saus.' data-en='Guinness glazed pork ribs. Served with coleslaw or potato chips and BBQ sauce.'>\n\t\t\t\tGuinness-glaserte spareribs av svin. Serveres med coleslaw eller potetgull og\u00a0BBQ-saus.\t\t\t<\/p>\n\t\t\t\t\t\t\t<p class=\"resthon-food-menu-item__allergens\"  data-no='Bygg(GB),Sennep(SEN)' data-en='Barley(GB),Mustard(MU)'><abbr title=\"Bygg\">GB<\/abbr><abbr title=\"Sennep\">SEN<\/abbr><\/p>\n\t\t\t<\/div>\n\t\n\n\t<div class=\"resthon-food-menu-item wp-block-resthon-food-menu-item\">\n\t\t\t\t\t\t\t<div class=\"resthon-food-menu-item__head\">\n\t\t\t\t<h4 class=\"resthon-food-menu-item__title\"  data-en='PULLED BEEF NACHOS' data-no='NACHOS MED PULLED BEEF'>NACHOS MED PULLED BEEF<\/h4>\n\t\t\t\t\t\t\t\t\t<p class=\"resthon-food-menu-item__price\"  data-en='279' data-no='279'>279<\/p>\n\t\t\t\t\t\t\t<\/div>\n\t\t\t\t\t\t\t<p class=\"resthon-food-menu-item__description\"  data-en='(Recommended for 1-2 people)&lt;br&gt;Braised beef cheeks with nachos, Cheddar, onion, parsley, sour cream, jalapenos and salsa.' data-no='(Anbefales for 1-2 personer)&lt;br&gt;Braiserte oksekjake med nachos, cheddar, l\u00f8k, persille, r\u00f8mme, jalapenos og salsa.'>\n\t\t\t\t(Anbefales for 1-2 personer)<br>Braiserte oksekjake med nachos, cheddar, l\u00f8k, persille, r\u00f8mme, jalapenos og salsa.\t\t\t<\/p>\n\t\t\t\t\t\t\t<p class=\"resthon-food-menu-item__allergens\"  data-no='Selleri(SE),Soya(SO)' data-en='Celery(C),Soy(SO)'><abbr title=\"Selleri\">SE<\/abbr><abbr title=\"Soya\">SO<\/abbr><\/p>\n\t\t\t<\/div>\n\t\n\n\t<div class=\"resthon-food-menu-item wp-block-resthon-food-menu-item\">\n\t\t\t\t\t\t\t<div class=\"resthon-food-menu-item__head\">\n\t\t\t\t<h4 class=\"resthon-food-menu-item__title\"  data-en='FISH PIE' data-no='FISH PIE'>FISH PIE<\/h4>\n\t\t\t\t\t\t\t\t\t<p class=\"resthon-food-menu-item__price\"  data-en='275' data-no='275'>275<\/p>\n\t\t\t\t\t\t\t<\/div>\n\t\t\t\t\t\t\t<p class=\"resthon-food-menu-item__description\"  data-en='Salmon, pollock, prawns, leeks, peas and dill in white sauce topped with potato pur\u00e9e au gratin.' data-no='Laks, sei, reker, purre, erter og dill i hvit saus gratinert med potetpur\u00e9.'>\n\t\t\t\tLaks, sei, reker, purre, erter og dill i hvit saus gratinert med potetpur\u00e9.\t\t\t<\/p>\n\t\t\t\t\t\t\t<p class=\"resthon-food-menu-item__allergens\"  data-no='Egg(E),Fisk(F),Hvete(GH),Melk(M)' data-en='Egg(E),Fish(F),Wheat(GW),Milk(M)'><abbr title=\"Egg\">E<\/abbr><abbr title=\"Fisk\">F<\/abbr><abbr title=\"Hvete\">GH<\/abbr><abbr title=\"Melk\">M<\/abbr><\/p>\n\t\t\t<\/div>\n\t\n\n\t<div class=\"resthon-food-menu-item wp-block-resthon-food-menu-item\">\n\t\t\t\t\t\t\t<div class=\"resthon-food-menu-item__head\">\n\t\t\t\t<h4 class=\"resthon-food-menu-item__title\"  data-no='BANGERS &amp; MASH' data-en='BANGERS &amp; MASH'>BANGERS &amp; MASH<\/h4>\n\t\t\t\t\t\t\t\t\t<p class=\"resthon-food-menu-item__price\"  data-no='285' data-en='285'>285<\/p>\n\t\t\t\t\t\t\t<\/div>\n\t\t\t\t\t\t\t<p class=\"resthon-food-menu-item__description\"  data-no='P\u00f8lser med potetstappe, l\u00f8ksjy med Guinness, erter og syltet sennepsfr\u00f8' data-en='Sausages with mashed potatoes, onion sauce with Guinness, peas and pickled mustard seeds'>\n\t\t\t\tP\u00f8lser med potetstappe, l\u00f8ksjy med Guinness, erter og syltet sennepsfr\u00f8\t\t\t<\/p>\n\t\t\t\t\t\t\t<p class=\"resthon-food-menu-item__allergens\"  data-no='Bygg(GB),Melk(M),Sennep(SEN)' data-en='Barley(GB),Milk(M),Mustard(MU)'><abbr title=\"Bygg\">GB<\/abbr><abbr title=\"Melk\">M<\/abbr><abbr title=\"Sennep\">SEN<\/abbr><\/p>\n\t\t\t<\/div>\n\t\n\n\t<div class=\"resthon-food-menu-item wp-block-resthon-food-menu-item\">\n\t\t\t\t\t\t\t<div class=\"resthon-food-menu-item__head\">\n\t\t\t\t<h4 class=\"resthon-food-menu-item__title\"  data-no='GRILLED CHEESE (v)' data-en='GRILLED CHEESE (v)'>GRILLED CHEESE (v)<\/h4>\n\t\t\t\t\t\t\t\t\t<p class=\"resthon-food-menu-item__price\"  data-no='198'>198<\/p>\n\t\t\t\t\t\t\t<\/div>\n\t\t\t\t\t\t\t<p class=\"resthon-food-menu-item__description\"  data-no='Surdeigsbr\u00f8d med cheddar, sn\u00f8frisk, hvitl\u00f8k, sennep og persille. Servert med gr\u00f8nn salat eller potetgull. ' data-en='Sourdough bread with Cheddar, Sn\u00f8frisk cheese, garlic, mustard and parsley. Served with green salad or potato chips. '>\n\t\t\t\tSurdeigsbr\u00f8d med cheddar, sn\u00f8frisk, hvitl\u00f8k, sennep og persille. Servert med gr\u00f8nn salat eller potetgull. \t\t\t<\/p>\n\t\t\t\t\t\t\t<p class=\"resthon-food-menu-item__allergens\"  data-no='Hvete(GH) Melk(M) Sennep(SEN)' data-en='Wheat(GW) Milk(M) Mustard(MU)'><abbr title=\"Hvete\">GH<\/abbr><abbr title=\"Melk\">M<\/abbr><abbr title=\"Sennep\">SEN<\/abbr><\/p>\n\t\t\t<\/div>\n\t\n\n\t<div class=\"resthon-food-menu-item wp-block-resthon-food-menu-item\">\n\t\t\t\t\t\t\t<div class=\"resthon-food-menu-item__head\">\n\t\t\t\t<h4 class=\"resthon-food-menu-item__title\"  data-en='LIBA PIZZA WITH SKIFER SALAMI' data-no='&lt;strong&gt;LIBAPIZZA MED SKIFER STEKEP\u00d8LSE &lt;\/strong&gt;'><strong>LIBAPIZZA MED SKIFER STEKEP\u00d8LSE <\/strong><\/h4>\n\t\t\t\t\t\t\t\t\t<p class=\"resthon-food-menu-item__price\"  data-en='209' data-no='209'>209<\/p>\n\t\t\t\t\t\t\t<\/div>\n\t\t\t\t\t\t\t<p class=\"resthon-food-menu-item__description\"  data-en='Topped with sour cream, Cheddar, skifer salami, red onions, parsley and lemon.' data-no='Toppet med r\u00f8mme, cheddar, skifer salami, r\u00f8dl\u00f8k, persille og sitron.'>\n\t\t\t\tToppet med r\u00f8mme, cheddar, skifer salami, r\u00f8dl\u00f8k, persille og sitron.\t\t\t<\/p>\n\t\t\t\t\t\t\t<p class=\"resthon-food-menu-item__allergens\"  data-no='Hvete(GH),Melk(M)' data-en='Wheat(GW),Milk(M)'><abbr title=\"Hvete\">GH<\/abbr><abbr title=\"Melk\">M<\/abbr><\/p>\n\t\t\t<\/div>\n\t\n\n\t<div class=\"resthon-food-menu-item wp-block-resthon-food-menu-item\">\n\t\t\t\t\t\t\t<div class=\"resthon-food-menu-item__head\">\n\t\t\t\t<h4 class=\"resthon-food-menu-item__title\"  data-en='LIBA PIZZA WITH STILTON AND PEAR (V)' data-no='LIBAPIZZA MED STILTON OG P\u00c6RE (v)'>LIBAPIZZA MED STILTON OG P\u00c6RE (v)<\/h4>\n\t\t\t\t\t\t\t\t\t<p class=\"resthon-food-menu-item__price\"  data-en='198' data-no='198'>198<\/p>\n\t\t\t\t\t\t\t<\/div>\n\t\t\t\t\t\t\t<p class=\"resthon-food-menu-item__description\"  data-en='Topped with sour cream, cheddar, stilton, pear, almonds, honey and lemon.' data-no='Toppet med r\u00f8mme, Cheddar, Stilton, p\u00e6re, mandler, honning og sitron.'>\n\t\t\t\tToppet med r\u00f8mme, Cheddar, Stilton, p\u00e6re, mandler, honning og sitron.\t\t\t<\/p>\n\t\t\t\t\t\t\t<p class=\"resthon-food-menu-item__allergens\"  data-no='Hvete(GH),Melk(M),Mandel(NM)' data-en='Wheat(GW),Milk(M),Almond(NA)'><abbr title=\"Hvete\">GH<\/abbr><abbr title=\"Melk\">M<\/abbr><abbr title=\"Mandel\">NM<\/abbr><\/p>\n\t\t\t<\/div>\n\t\n\n\t<div class=\"resthon-food-menu-item wp-block-resthon-food-menu-item\">\n\t\t\t\t\t\t\t<div class=\"resthon-food-menu-item__head\">\n\t\t\t\t<h4 class=\"resthon-food-menu-item__title\"  data-en='CHEESE AND CURED MEAT BOARD' data-no='OST- OG SPEKEMATFJ\u00d8L'>OST- OG SPEKEMATFJ\u00d8L<\/h4>\n\t\t\t\t\t\t\t\t\t<p class=\"resthon-food-menu-item__price\"  data-en='299' data-no='299'>299<\/p>\n\t\t\t\t\t\t\t<\/div>\n\t\t\t\t\t\t\t<p class=\"resthon-food-menu-item__description\"  data-en='(Recommended for 1-2 people) &lt;br&gt;Selected cheeses and cured meats with accompaniments.' data-no='(Anbefales for 1\u20132 pers)&lt;br&gt;Utvalgte oster og spekemat med tilbeh\u00f8r.'>\n\t\t\t\t(Anbefales for 1\u20132 pers)<br>Utvalgte oster og spekemat med tilbeh\u00f8r.\t\t\t<\/p>\n\t\t\t\t\t\t\t<p class=\"resthon-food-menu-item__allergens\"  data-no='Egg(E),Rug(GR),Hvete(GH),Sennep(SEN)' data-en='Egg(E),Rye(GR),Wheat(GW),Mustard(MU)'><abbr title=\"Egg\">E<\/abbr><abbr title=\"Rug\">GR<\/abbr><abbr title=\"Hvete\">GH<\/abbr><abbr title=\"Sennep\">SEN<\/abbr><\/p>\n\t\t\t<\/div>\n\t\n\n\t<div class=\"resthon-food-menu-item wp-block-resthon-food-menu-item\">\n\t\t\t\t\t\t\t<div class=\"resthon-food-menu-item__head\">\n\t\t\t\t<h4 class=\"resthon-food-menu-item__title\"  data-en='GARLIC BREAD' data-no='&lt;strong&gt;HVITL\u00d8KSBR\u00d8D&lt;\/strong&gt;'><strong>HVITL\u00d8KSBR\u00d8D<\/strong><\/h4>\n\t\t\t\t\t\t\t\t\t<p class=\"resthon-food-menu-item__price\"  data-en='135' data-no='135'>135<\/p>\n\t\t\t\t\t\t\t<\/div>\n\t\t\t\t\t\t\t<p class=\"resthon-food-menu-item__description\"  data-en='With fresh Norwegian goats cheese cream with herbs, lemon and garlic' data-no='med Sn\u00f8frisk-krem med friske urter, sitron og hvitl\u00f8k.'>\n\t\t\t\tmed Sn\u00f8frisk-krem med friske urter, sitron og hvitl\u00f8k.\t\t\t<\/p>\n\t\t\t\t\t\t\t<p class=\"resthon-food-menu-item__allergens\"  data-no='Hvete(GH),Melk(M)' data-en='Wheat(GW),Milk(M)'><abbr title=\"Hvete\">GH<\/abbr><abbr title=\"Melk\">M<\/abbr><\/p>\n\t\t\t<\/div>\n\t\n\t\t<\/div>\n\t<\/div>\n\t\n\n\t<div class=\"resthon-food-menu-category wp-block-resthon-food-menu-category\" id=\"dessert\">\n\t\t\t\t\t\t\t\t\t<h2 class=\"resthon-food-menu-category__title\" data-no='Dessert'>Dessert<\/h2>\n\t\t\t\t\t\t\t<div class=\"resthon-food-menu-category__inner\">\n\t\t\t\n\t<div class=\"resthon-food-menu-item wp-block-resthon-food-menu-item\">\n\t\t\t\t\t\t\t<div class=\"resthon-food-menu-item__head\">\n\t\t\t\t<h4 class=\"resthon-food-menu-item__title\"  data-en='&lt;strong&gt;CHOCOLATE FONDANT&lt;\/strong&gt;' data-no='SJOKOLADEFONDANT'>SJOKOLADEFONDANT<\/h4>\n\t\t\t\t\t\t\t\t\t<p class=\"resthon-food-menu-item__price\"  data-en='135' data-no='135'>135<\/p>\n\t\t\t\t\t\t\t<\/div>\n\t\t\t\t\t\t\t<p class=\"resthon-food-menu-item__description\"  data-en='with raspberry sauce.' data-no='Servert med bringeb\u00e6rsaus.'>\n\t\t\t\tServert med bringeb\u00e6rsaus.\t\t\t<\/p>\n\t\t\t\t\t\t\t<p class=\"resthon-food-menu-item__allergens\"  data-no='Egg(E),Hvete(GH),Melk(M)' data-en='Egg(E),Wheat(GW),Milk(M)'><abbr title=\"Egg\">E<\/abbr><abbr title=\"Hvete\">GH<\/abbr><abbr title=\"Melk\">M<\/abbr><\/p>\n\t\t\t<\/div>\n\t\n\t\t<\/div>\n\t<\/div>\n\t\n\t\t\t\t\t<div class=\"resthon-food-menu__allergens\">\n\t\t\t\t\t\t\t\t\t<p class=\"resthon-food-menu__allergens-title\"  data-no='Allergener:' data-en='Allergens info:'>Allergener:<\/p>\n\t\t\t\t\t\t\t\t<p  data-no='Bygg (GB), Egg (E), Fisk (F), Hvete (GH), Mandel (NM), Melk (M), Rug (GR), Selleri (SE), Sennep (SEN), Soya (SO)' data-en='Almond (NA), Barley (GB), Celery (C), Egg (E), Fish (F), Milk (M), Mustard (MU), Rye (GR), Soy (SO), Wheat (GW)'>\n\t\t\t\t\tBygg (GB), Egg (E), Fisk (F), Hvete (GH), Mandel (NM), Melk (M), Rug (GR), Selleri (SE), Sennep (SEN), Soya (SO)\t\t\t\t<\/p>\n\t\t\t<\/div>\n\t\t\t<\/div>\n\t","protected":false},"excerpt":{"rendered":"<p>Litt snacks til drikken Hos oss kan du nyte kvelden med noen klassiske pubretter, om&#8230;<\/p>\n","protected":false},"author":3,"featured_media":0,"parent":0,"menu_order":0,"comment_status":"closed","ping_status":"closed","template":"","meta":{"_acf_changed":false,"editor_notices":[],"footnotes":""},"class_list":["post-16","page","type-page","status-publish","hentry"],"acf":[],"yoast_head":"<!-- This site is optimized with the Yoast SEO Premium plugin v27.3 (Yoast SEO v27.3) - https:\/\/yoast.com\/product\/yoast-seo-premium-wordpress\/ -->\n<title>Mat - O&#039;Connors Bergen<\/title>\n<meta name=\"robots\" content=\"noindex, follow, max-snippet:-1, max-image-preview:large, max-video-preview:-1\" \/>\n<meta property=\"og:locale\" content=\"nb_NO\" \/>\n<meta property=\"og:type\" content=\"article\" \/>\n<meta property=\"og:title\" content=\"Mat\" \/>\n<meta property=\"og:description\" content=\"Litt snacks til drikken Hos oss kan du nyte kvelden med noen klassiske pubretter, om...\" \/>\n<meta property=\"og:url\" content=\"https:\/\/oconnors.stage.dekodes.no\/bergen\/mat\/\" \/>\n<meta property=\"og:site_name\" content=\"O&#039;Connors Bergen\" \/>\n<meta property=\"article:modified_time\" content=\"2026-01-07T10:32:37+00:00\" \/>\n<meta name=\"twitter:card\" content=\"summary_large_image\" \/>\n<meta name=\"twitter:label1\" content=\"Ansl. lesetid\" \/>\n\t<meta name=\"twitter:data1\" content=\"1 minutt\" \/>\n<script type=\"application\/ld+json\" class=\"yoast-schema-graph\">{\"@context\":\"https:\\\/\\\/schema.org\",\"@graph\":[{\"@type\":\"WebPage\",\"@id\":\"https:\\\/\\\/oconnors.stage.dekodes.no\\\/bergen\\\/mat\\\/\",\"url\":\"https:\\\/\\\/oconnors.stage.dekodes.no\\\/bergen\\\/mat\\\/\",\"name\":\"Mat - O&#039;Connors Bergen\",\"isPartOf\":{\"@id\":\"https:\\\/\\\/oconnors.stage.dekodes.no\\\/bergen\\\/#website\"},\"datePublished\":\"2026-01-05T11:51:00+00:00\",\"dateModified\":\"2026-01-07T10:32:37+00:00\",\"breadcrumb\":{\"@id\":\"https:\\\/\\\/oconnors.stage.dekodes.no\\\/bergen\\\/mat\\\/#breadcrumb\"},\"inLanguage\":\"nb-NO\",\"potentialAction\":[{\"@type\":\"ReadAction\",\"target\":[\"https:\\\/\\\/oconnors.stage.dekodes.no\\\/bergen\\\/mat\\\/\"]}]},{\"@type\":\"BreadcrumbList\",\"@id\":\"https:\\\/\\\/oconnors.stage.dekodes.no\\\/bergen\\\/mat\\\/#breadcrumb\",\"itemListElement\":[{\"@type\":\"ListItem\",\"position\":1,\"name\":\"Home\",\"item\":\"https:\\\/\\\/oconnors.stage.dekodes.no\\\/bergen\\\/\"},{\"@type\":\"ListItem\",\"position\":2,\"name\":\"Mat\"}]},{\"@type\":\"WebSite\",\"@id\":\"https:\\\/\\\/oconnors.stage.dekodes.no\\\/bergen\\\/#website\",\"url\":\"https:\\\/\\\/oconnors.stage.dekodes.no\\\/bergen\\\/\",\"name\":\"O&#039;Connors Bergen\",\"description\":\"\",\"publisher\":{\"@id\":\"https:\\\/\\\/oconnors.stage.dekodes.no\\\/bergen\\\/#organization\"},\"potentialAction\":[{\"@type\":\"SearchAction\",\"target\":{\"@type\":\"EntryPoint\",\"urlTemplate\":\"https:\\\/\\\/oconnors.stage.dekodes.no\\\/bergen\\\/?s={search_term_string}\"},\"query-input\":{\"@type\":\"PropertyValueSpecification\",\"valueRequired\":true,\"valueName\":\"search_term_string\"}}],\"inLanguage\":\"nb-NO\"},{\"@type\":\"Organization\",\"@id\":\"https:\\\/\\\/oconnors.stage.dekodes.no\\\/bergen\\\/#organization\",\"name\":\"O&#039;Connors Bergen\",\"url\":\"https:\\\/\\\/oconnors.stage.dekodes.no\\\/bergen\\\/\",\"logo\":{\"@type\":\"ImageObject\",\"inLanguage\":\"nb-NO\",\"@id\":\"https:\\\/\\\/oconnors.stage.dekodes.no\\\/bergen\\\/#\\\/schema\\\/logo\\\/image\\\/\",\"url\":\"https:\\\/\\\/resthon.stage.dekodes.no\\\/content\\\/uploads\\\/sites\\\/4\\\/2024\\\/03\\\/logo-oconnors-bergen.svg\",\"contentUrl\":\"https:\\\/\\\/resthon.stage.dekodes.no\\\/content\\\/uploads\\\/sites\\\/4\\\/2024\\\/03\\\/logo-oconnors-bergen.svg\",\"caption\":\"O&#039;Connors Bergen\"},\"image\":{\"@id\":\"https:\\\/\\\/oconnors.stage.dekodes.no\\\/bergen\\\/#\\\/schema\\\/logo\\\/image\\\/\"}}]}<\/script>\n<!-- \/ Yoast SEO Premium plugin. -->","yoast_head_json":{"title":"Mat - O&#039;Connors Bergen","robots":{"index":"noindex","follow":"follow","max-snippet":"max-snippet:-1","max-image-preview":"max-image-preview:large","max-video-preview":"max-video-preview:-1"},"og_locale":"nb_NO","og_type":"article","og_title":"Mat","og_description":"Litt snacks til drikken Hos oss kan du nyte kvelden med noen klassiske pubretter, om...","og_url":"https:\/\/oconnors.stage.dekodes.no\/bergen\/mat\/","og_site_name":"O&#039;Connors Bergen","article_modified_time":"2026-01-07T10:32:37+00:00","twitter_card":"summary_large_image","twitter_misc":{"Ansl. lesetid":"1 minutt"},"schema":{"@context":"https:\/\/schema.org","@graph":[{"@type":"WebPage","@id":"https:\/\/oconnors.stage.dekodes.no\/bergen\/mat\/","url":"https:\/\/oconnors.stage.dekodes.no\/bergen\/mat\/","name":"Mat - O&#039;Connors Bergen","isPartOf":{"@id":"https:\/\/oconnors.stage.dekodes.no\/bergen\/#website"},"datePublished":"2026-01-05T11:51:00+00:00","dateModified":"2026-01-07T10:32:37+00:00","breadcrumb":{"@id":"https:\/\/oconnors.stage.dekodes.no\/bergen\/mat\/#breadcrumb"},"inLanguage":"nb-NO","potentialAction":[{"@type":"ReadAction","target":["https:\/\/oconnors.stage.dekodes.no\/bergen\/mat\/"]}]},{"@type":"BreadcrumbList","@id":"https:\/\/oconnors.stage.dekodes.no\/bergen\/mat\/#breadcrumb","itemListElement":[{"@type":"ListItem","position":1,"name":"Home","item":"https:\/\/oconnors.stage.dekodes.no\/bergen\/"},{"@type":"ListItem","position":2,"name":"Mat"}]},{"@type":"WebSite","@id":"https:\/\/oconnors.stage.dekodes.no\/bergen\/#website","url":"https:\/\/oconnors.stage.dekodes.no\/bergen\/","name":"O&#039;Connors Bergen","description":"","publisher":{"@id":"https:\/\/oconnors.stage.dekodes.no\/bergen\/#organization"},"potentialAction":[{"@type":"SearchAction","target":{"@type":"EntryPoint","urlTemplate":"https:\/\/oconnors.stage.dekodes.no\/bergen\/?s={search_term_string}"},"query-input":{"@type":"PropertyValueSpecification","valueRequired":true,"valueName":"search_term_string"}}],"inLanguage":"nb-NO"},{"@type":"Organization","@id":"https:\/\/oconnors.stage.dekodes.no\/bergen\/#organization","name":"O&#039;Connors Bergen","url":"https:\/\/oconnors.stage.dekodes.no\/bergen\/","logo":{"@type":"ImageObject","inLanguage":"nb-NO","@id":"https:\/\/oconnors.stage.dekodes.no\/bergen\/#\/schema\/logo\/image\/","url":"https:\/\/resthon.stage.dekodes.no\/content\/uploads\/sites\/4\/2024\/03\/logo-oconnors-bergen.svg","contentUrl":"https:\/\/resthon.stage.dekodes.no\/content\/uploads\/sites\/4\/2024\/03\/logo-oconnors-bergen.svg","caption":"O&#039;Connors Bergen"},"image":{"@id":"https:\/\/oconnors.stage.dekodes.no\/bergen\/#\/schema\/logo\/image\/"}}]}},"_links":{"self":[{"href":"https:\/\/oconnors.stage.dekodes.no\/bergen\/wp-json\/wp\/v2\/pages\/16","targetHints":{"allow":["GET"]}}],"collection":[{"href":"https:\/\/oconnors.stage.dekodes.no\/bergen\/wp-json\/wp\/v2\/pages"}],"about":[{"href":"https:\/\/oconnors.stage.dekodes.no\/bergen\/wp-json\/wp\/v2\/types\/page"}],"author":[{"embeddable":true,"href":"https:\/\/oconnors.stage.dekodes.no\/bergen\/wp-json\/wp\/v2\/users\/3"}],"replies":[{"embeddable":true,"href":"https:\/\/oconnors.stage.dekodes.no\/bergen\/wp-json\/wp\/v2\/comments?post=16"}],"version-history":[{"count":4,"href":"https:\/\/oconnors.stage.dekodes.no\/bergen\/wp-json\/wp\/v2\/pages\/16\/revisions"}],"predecessor-version":[{"id":1344,"href":"https:\/\/oconnors.stage.dekodes.no\/bergen\/wp-json\/wp\/v2\/pages\/16\/revisions\/1344"}],"wp:attachment":[{"href":"https:\/\/oconnors.stage.dekodes.no\/bergen\/wp-json\/wp\/v2\/media?parent=16"}],"curies":[{"name":"wp","href":"https:\/\/api.w.org\/{rel}","templated":true}]}}