{"id":18,"date":"2024-04-11T12:51:35","date_gmt":"2024-04-11T10:51:35","guid":{"rendered":"https:\/\/oconnors.stage.dekodes.no\/bergen\/?page_id=18"},"modified":"2025-02-14T16:44:07","modified_gmt":"2025-02-14T15:44:07","slug":"drikke","status":"publish","type":"page","link":"https:\/\/oconnors.stage.dekodes.no\/bergen\/drikke\/","title":{"rendered":"Drikke"},"content":{"rendered":"\n\t<div style=\"--t2-hero-dim:0.6;\" class=\"t2-hero t2-hero-content-position-center-center t2-hero-has-dim-60 t2-hero-has-fullsize-image alignfull wp-block-t2-hero alignfull\">\n\t\t<img decoding=\"async\" width=\"2560\" height=\"1920\" src=\"https:\/\/resthon.stage.dekodes.no\/content\/uploads\/sites\/4\/2024\/07\/7IV1434-2560x1920.jpg\" class=\"t2-hero__image\" alt=\"To menn og en kvinne som jobber som bartendere, mannen i forgrunnen lager en drink hvor han heller fra en flaske ned i et glass.\" style=\"object-position: 55% 41%;\" loading=\"eager\" fetchpriority=\"high\" srcset=\"https:\/\/resthon.stage.dekodes.no\/content\/uploads\/sites\/4\/2024\/07\/7IV1434-2560x1920.jpg 2560w, https:\/\/resthon.stage.dekodes.no\/content\/uploads\/sites\/4\/2024\/07\/7IV1434-300x225.jpg 300w, https:\/\/resthon.stage.dekodes.no\/content\/uploads\/sites\/4\/2024\/07\/7IV1434-1024x768.jpg 1024w, https:\/\/resthon.stage.dekodes.no\/content\/uploads\/sites\/4\/2024\/07\/7IV1434-768x576.jpg 768w, https:\/\/resthon.stage.dekodes.no\/content\/uploads\/sites\/4\/2024\/07\/7IV1434-1536x1152.jpg 1536w, https:\/\/resthon.stage.dekodes.no\/content\/uploads\/sites\/4\/2024\/07\/7IV1434-2048x1536.jpg 2048w\" sizes=\"(max-width: 2560px) 100vw, 2560px\" \/>\n\t\t<div class=\"t2-hero__header\"><div class=\"t2-hero__header__content\">\n\n<h1 class=\"wp-block-heading alignwide has-text-align-center\" id=\"h-drikke\">Drikke<\/h1>\n\n\n\n<p>Utforsk v\u00e5rt omfattende utvalg av drikkevarer p\u00e5 O&#8217;Connor&#8217;s Irish Pub<\/p>\n\n\n\n<div class=\"wp-block-buttons is-content-justification-center is-layout-flex wp-container-core-buttons-is-layout-a89b3969 wp-block-buttons-is-layout-flex\">\n<div class=\"wp-block-button\"><a class=\"wp-block-button__link wp-element-button\" href=\"#menu-container\">Se v\u00e5r drikkemeny<\/a><\/div>\n<\/div>\n\n<\/div><\/div>\n\t<\/div>\n\n\n<h2 class=\"wp-block-heading\" id=\"h-slainte\">Slaint\u00e9!<\/h2>\n\n\n\n<p>Fra tradisjonelle irske \u00f8l til klassiske cocktails, vi har noe for enhver smak. Sl\u00e5 deg ned og nyt en pint med Guinness eller pr\u00f8v en av v\u00e5re spesiallagde whisky-cocktails. Uansett hva du foretrekker, vil v\u00e5rt vennlige personale s\u00f8rge for at du f\u00e5r den perfekte drikkeopplevelsen her hos oss.<\/p>\n","protected":false},"excerpt":{"rendered":"<p>Slaint\u00e9! Fra tradisjonelle irske \u00f8l til klassiske cocktails, vi har noe for enhver smak. Sl\u00e5&#8230;<\/p>\n","protected":false},"author":3,"featured_media":0,"parent":0,"menu_order":0,"comment_status":"closed","ping_status":"closed","template":"","meta":{"_acf_changed":false,"editor_notices":[],"footnotes":""},"class_list":["post-18","page","type-page","status-publish","hentry"],"acf":[],"yoast_head":"<!-- This site is optimized with the Yoast SEO Premium plugin v27.3 (Yoast SEO v27.3) - https:\/\/yoast.com\/product\/yoast-seo-premium-wordpress\/ -->\n<title>Drikke - O&#039;Connors Bergen<\/title>\n<meta name=\"robots\" content=\"noindex, follow, max-snippet:-1, max-image-preview:large, max-video-preview:-1\" \/>\n<meta property=\"og:locale\" content=\"nb_NO\" \/>\n<meta property=\"og:type\" content=\"article\" \/>\n<meta property=\"og:title\" content=\"Drikke\" \/>\n<meta property=\"og:description\" content=\"Slaint\u00e9! Fra tradisjonelle irske \u00f8l til klassiske cocktails, vi har noe for enhver smak. Sl\u00e5...\" \/>\n<meta property=\"og:url\" content=\"https:\/\/oconnors.stage.dekodes.no\/bergen\/drikke\/\" \/>\n<meta property=\"og:site_name\" content=\"O&#039;Connors Bergen\" \/>\n<meta property=\"article:modified_time\" content=\"2025-02-14T15:44:07+00:00\" \/>\n<meta name=\"twitter:card\" content=\"summary_large_image\" \/>\n<meta name=\"twitter:label1\" content=\"Ansl. lesetid\" \/>\n\t<meta name=\"twitter:data1\" content=\"1 minutt\" \/>\n<script type=\"application\/ld+json\" class=\"yoast-schema-graph\">{\"@context\":\"https:\\\/\\\/schema.org\",\"@graph\":[{\"@type\":\"WebPage\",\"@id\":\"https:\\\/\\\/oconnors.stage.dekodes.no\\\/bergen\\\/drikke\\\/\",\"url\":\"https:\\\/\\\/oconnors.stage.dekodes.no\\\/bergen\\\/drikke\\\/\",\"name\":\"Drikke - O&#039;Connors Bergen\",\"isPartOf\":{\"@id\":\"https:\\\/\\\/oconnors.stage.dekodes.no\\\/bergen\\\/#website\"},\"datePublished\":\"2024-04-11T10:51:35+00:00\",\"dateModified\":\"2025-02-14T15:44:07+00:00\",\"breadcrumb\":{\"@id\":\"https:\\\/\\\/oconnors.stage.dekodes.no\\\/bergen\\\/drikke\\\/#breadcrumb\"},\"inLanguage\":\"nb-NO\",\"potentialAction\":[{\"@type\":\"ReadAction\",\"target\":[\"https:\\\/\\\/oconnors.stage.dekodes.no\\\/bergen\\\/drikke\\\/\"]}]},{\"@type\":\"BreadcrumbList\",\"@id\":\"https:\\\/\\\/oconnors.stage.dekodes.no\\\/bergen\\\/drikke\\\/#breadcrumb\",\"itemListElement\":[{\"@type\":\"ListItem\",\"position\":1,\"name\":\"Home\",\"item\":\"https:\\\/\\\/oconnors.stage.dekodes.no\\\/bergen\\\/\"},{\"@type\":\"ListItem\",\"position\":2,\"name\":\"Drikke\"}]},{\"@type\":\"WebSite\",\"@id\":\"https:\\\/\\\/oconnors.stage.dekodes.no\\\/bergen\\\/#website\",\"url\":\"https:\\\/\\\/oconnors.stage.dekodes.no\\\/bergen\\\/\",\"name\":\"O&#039;Connors Bergen\",\"description\":\"\",\"publisher\":{\"@id\":\"https:\\\/\\\/oconnors.stage.dekodes.no\\\/bergen\\\/#organization\"},\"potentialAction\":[{\"@type\":\"SearchAction\",\"target\":{\"@type\":\"EntryPoint\",\"urlTemplate\":\"https:\\\/\\\/oconnors.stage.dekodes.no\\\/bergen\\\/?s={search_term_string}\"},\"query-input\":{\"@type\":\"PropertyValueSpecification\",\"valueRequired\":true,\"valueName\":\"search_term_string\"}}],\"inLanguage\":\"nb-NO\"},{\"@type\":\"Organization\",\"@id\":\"https:\\\/\\\/oconnors.stage.dekodes.no\\\/bergen\\\/#organization\",\"name\":\"O&#039;Connors Bergen\",\"url\":\"https:\\\/\\\/oconnors.stage.dekodes.no\\\/bergen\\\/\",\"logo\":{\"@type\":\"ImageObject\",\"inLanguage\":\"nb-NO\",\"@id\":\"https:\\\/\\\/oconnors.stage.dekodes.no\\\/bergen\\\/#\\\/schema\\\/logo\\\/image\\\/\",\"url\":\"https:\\\/\\\/resthon.stage.dekodes.no\\\/content\\\/uploads\\\/sites\\\/4\\\/2024\\\/03\\\/logo-oconnors-bergen.svg\",\"contentUrl\":\"https:\\\/\\\/resthon.stage.dekodes.no\\\/content\\\/uploads\\\/sites\\\/4\\\/2024\\\/03\\\/logo-oconnors-bergen.svg\",\"caption\":\"O&#039;Connors Bergen\"},\"image\":{\"@id\":\"https:\\\/\\\/oconnors.stage.dekodes.no\\\/bergen\\\/#\\\/schema\\\/logo\\\/image\\\/\"}}]}<\/script>\n<!-- \/ Yoast SEO Premium plugin. -->","yoast_head_json":{"title":"Drikke - O&#039;Connors Bergen","robots":{"index":"noindex","follow":"follow","max-snippet":"max-snippet:-1","max-image-preview":"max-image-preview:large","max-video-preview":"max-video-preview:-1"},"og_locale":"nb_NO","og_type":"article","og_title":"Drikke","og_description":"Slaint\u00e9! Fra tradisjonelle irske \u00f8l til klassiske cocktails, vi har noe for enhver smak. Sl\u00e5...","og_url":"https:\/\/oconnors.stage.dekodes.no\/bergen\/drikke\/","og_site_name":"O&#039;Connors Bergen","article_modified_time":"2025-02-14T15:44:07+00:00","twitter_card":"summary_large_image","twitter_misc":{"Ansl. lesetid":"1 minutt"},"schema":{"@context":"https:\/\/schema.org","@graph":[{"@type":"WebPage","@id":"https:\/\/oconnors.stage.dekodes.no\/bergen\/drikke\/","url":"https:\/\/oconnors.stage.dekodes.no\/bergen\/drikke\/","name":"Drikke - O&#039;Connors Bergen","isPartOf":{"@id":"https:\/\/oconnors.stage.dekodes.no\/bergen\/#website"},"datePublished":"2024-04-11T10:51:35+00:00","dateModified":"2025-02-14T15:44:07+00:00","breadcrumb":{"@id":"https:\/\/oconnors.stage.dekodes.no\/bergen\/drikke\/#breadcrumb"},"inLanguage":"nb-NO","potentialAction":[{"@type":"ReadAction","target":["https:\/\/oconnors.stage.dekodes.no\/bergen\/drikke\/"]}]},{"@type":"BreadcrumbList","@id":"https:\/\/oconnors.stage.dekodes.no\/bergen\/drikke\/#breadcrumb","itemListElement":[{"@type":"ListItem","position":1,"name":"Home","item":"https:\/\/oconnors.stage.dekodes.no\/bergen\/"},{"@type":"ListItem","position":2,"name":"Drikke"}]},{"@type":"WebSite","@id":"https:\/\/oconnors.stage.dekodes.no\/bergen\/#website","url":"https:\/\/oconnors.stage.dekodes.no\/bergen\/","name":"O&#039;Connors Bergen","description":"","publisher":{"@id":"https:\/\/oconnors.stage.dekodes.no\/bergen\/#organization"},"potentialAction":[{"@type":"SearchAction","target":{"@type":"EntryPoint","urlTemplate":"https:\/\/oconnors.stage.dekodes.no\/bergen\/?s={search_term_string}"},"query-input":{"@type":"PropertyValueSpecification","valueRequired":true,"valueName":"search_term_string"}}],"inLanguage":"nb-NO"},{"@type":"Organization","@id":"https:\/\/oconnors.stage.dekodes.no\/bergen\/#organization","name":"O&#039;Connors Bergen","url":"https:\/\/oconnors.stage.dekodes.no\/bergen\/","logo":{"@type":"ImageObject","inLanguage":"nb-NO","@id":"https:\/\/oconnors.stage.dekodes.no\/bergen\/#\/schema\/logo\/image\/","url":"https:\/\/resthon.stage.dekodes.no\/content\/uploads\/sites\/4\/2024\/03\/logo-oconnors-bergen.svg","contentUrl":"https:\/\/resthon.stage.dekodes.no\/content\/uploads\/sites\/4\/2024\/03\/logo-oconnors-bergen.svg","caption":"O&#039;Connors Bergen"},"image":{"@id":"https:\/\/oconnors.stage.dekodes.no\/bergen\/#\/schema\/logo\/image\/"}}]}},"_links":{"self":[{"href":"https:\/\/oconnors.stage.dekodes.no\/bergen\/wp-json\/wp\/v2\/pages\/18","targetHints":{"allow":["GET"]}}],"collection":[{"href":"https:\/\/oconnors.stage.dekodes.no\/bergen\/wp-json\/wp\/v2\/pages"}],"about":[{"href":"https:\/\/oconnors.stage.dekodes.no\/bergen\/wp-json\/wp\/v2\/types\/page"}],"author":[{"embeddable":true,"href":"https:\/\/oconnors.stage.dekodes.no\/bergen\/wp-json\/wp\/v2\/users\/3"}],"replies":[{"embeddable":true,"href":"https:\/\/oconnors.stage.dekodes.no\/bergen\/wp-json\/wp\/v2\/comments?post=18"}],"version-history":[{"count":5,"href":"https:\/\/oconnors.stage.dekodes.no\/bergen\/wp-json\/wp\/v2\/pages\/18\/revisions"}],"predecessor-version":[{"id":706,"href":"https:\/\/oconnors.stage.dekodes.no\/bergen\/wp-json\/wp\/v2\/pages\/18\/revisions\/706"}],"wp:attachment":[{"href":"https:\/\/oconnors.stage.dekodes.no\/bergen\/wp-json\/wp\/v2\/media?parent=18"}],"curies":[{"name":"wp","href":"https:\/\/api.w.org\/{rel}","templated":true}]}}