{"id":24,"date":"2024-04-11T12:53:01","date_gmt":"2024-04-11T10:53:01","guid":{"rendered":"https:\/\/oconnors.stage.dekodes.no\/bergen\/?page_id=24"},"modified":"2025-08-20T10:05:47","modified_gmt":"2025-08-20T08:05:47","slug":"om-oss","status":"publish","type":"page","link":"https:\/\/oconnors.stage.dekodes.no\/bergen\/om-oss\/","title":{"rendered":"Om oss"},"content":{"rendered":"\n\t<div style=\"--t2-hero-dim:0.6;\" class=\"t2-hero t2-hero-content-position-center-center t2-hero-has-dim-60 t2-hero-has-fullsize-image alignfull wp-block-t2-hero alignfull\">\n\t\t<img decoding=\"async\" width=\"2560\" height=\"1829\" src=\"https:\/\/resthon.stage.dekodes.no\/content\/uploads\/sites\/4\/2024\/07\/7IV0479-2560x1829.jpg\" class=\"t2-hero__image\" alt=\"En mann som lener seg ved inngangen til O&#039;Connor&#039;s Bergen\" style=\"object-position: 52% 34%;\" loading=\"eager\" fetchpriority=\"high\" srcset=\"https:\/\/resthon.stage.dekodes.no\/content\/uploads\/sites\/4\/2024\/07\/7IV0479-2560x1829.jpg 2560w, https:\/\/resthon.stage.dekodes.no\/content\/uploads\/sites\/4\/2024\/07\/7IV0479-300x214.jpg 300w, https:\/\/resthon.stage.dekodes.no\/content\/uploads\/sites\/4\/2024\/07\/7IV0479-1024x731.jpg 1024w, https:\/\/resthon.stage.dekodes.no\/content\/uploads\/sites\/4\/2024\/07\/7IV0479-768x549.jpg 768w, https:\/\/resthon.stage.dekodes.no\/content\/uploads\/sites\/4\/2024\/07\/7IV0479-1536x1097.jpg 1536w, https:\/\/resthon.stage.dekodes.no\/content\/uploads\/sites\/4\/2024\/07\/7IV0479-2048x1463.jpg 2048w\" sizes=\"(max-width: 2560px) 100vw, 2560px\" \/>\n\t\t<div class=\"t2-hero__header\"><div class=\"t2-hero__header__content\">\n\n<h1 class=\"wp-block-heading alignwide has-text-align-center\" id=\"h-om-oss\">Om oss<\/h1>\n\n\n\n<p>O\u2019Connor\u2019s Irish Pub ligger i hjertet av Bryggen i Bergen, i en av Norges mest historiske landemerker<\/p>\n\n\n\n<div class=\"wp-block-buttons is-content-justification-center is-layout-flex wp-container-core-buttons-is-layout-a89b3969 wp-block-buttons-is-layout-flex\">\n<div class=\"wp-block-button\"><a class=\"wp-block-button__link wp-element-button\" href=\"https:\/\/booking.gastroplanner.no\/OconnorsBergen\/t\" target=\"_blank\" rel=\"noreferrer noopener\">Reserver bord<\/a><\/div>\n<\/div>\n\n<\/div><\/div>\n\t<\/div>\n\n\n<h2 class=\"wp-block-heading\" id=\"h-velkommen-til-o-connor-s-irish-pub-bergen\">Velkommen til O\u2019Connor\u2019s Irish Pub Bergen<\/h2>\n\n\n\n\t\t<div class=\"t2-factbox wp-block-t2-factbox\" id=\"t2-factbox\">\n\t\t\t<div class=\"t2-factbox__content\">\n\t\t\t\t<div class=\"t2-factbox__blocks t2-factbox__inner-container\">\n\t\t\t\t\t\n\n<h2 class=\"wp-block-heading\" id=\"h-svensgarden\">Svensg\u00e5rden<\/h2>\n\n\n\n<p>Dypt forankret i rik historie, er Bryggen i Bergen et symbol p\u00e5 Bergens arv og kultur, og gir den perfekte rammen for v\u00e5r autentiske irske pubopplevelse. Bygningen v\u00e5r, kjent som Svensg\u00e5rden, har en rik historie som g\u00e5r tilbake \u00e5rhundrer. Opprinnelig registrert i 1296, fikk Svensg\u00e5rden sin n\u00e5v\u00e6rende form etter bybrannen i 1476.<\/p>\n\n\n\n<h4 class=\"wp-block-heading\" id=\"h-restaurert-til-slik-det-var\">Restaurert til slik det var<\/h4>\n\n\n\n<p>I spissen av Svensg\u00e5rden st\u00e5r P\u00fctterstuen, det st\u00f8rste trehuset p\u00e5 Bryggen i Bergen, som strekker seg over hele g\u00e5rdsplassen. Opprinnelig to landstuer, ble P\u00fctterstuen fusjonert til \u00e9n storslagen struktur mellom 1787 og 1797 av Christopher Ellerhusen, den siste tyske kj\u00f8pmannen som bodde i g\u00e5rden. B\u00e5de eksteri\u00f8ret og interi\u00f8ret til P\u00fctterstuen har blitt n\u00f8ye restaurert til sin opprinnelige prakt.<\/p>\n\n\n\n<h4 class=\"wp-block-heading\" id=\"h-kos-pa-bryggen-i-bergen\">Kos p\u00e5 Bryggen i Bergen<\/h4>\n\n\n\n<p>P\u00e5 O\u2019Connor\u2019s bringer vi den samme kj\u00e6re konseptet fra v\u00e5re andre steder til Bergen. Bli med oss p\u00e5 direktesendte fotballkamper, sammen med god drikke og varm pubmat. Ikke g\u00e5 glipp av v\u00e5re livlige live opptredener i helgene, som tilf\u00f8rer litt musikalsk magi til kveldene dine. Med et utend\u00f8rs serveringsomr\u00e5de kan du skue den fantastiske utsikten over Bryggen i Bergen mens du nyter en favorittdrink og god mat. Enten du er ute etter en avslappet kveld eller et livlig sted \u00e5 arrangere ditt neste arrangement, er O\u2019Connor\u2019s Irish Pub stedet \u00e5 v\u00e6re i Bergen.<\/p>\n\n\n\t\t\t\t<\/div>\n\t\t\t\t\n\t\t\t<\/div>\n\t\t\t\n\t\t<\/div>\n\n\n<div class=\"wp-block-media-text alignwide has-media-on-the-right is-stacked-on-mobile is-style-filled\"><div class=\"wp-block-media-text__content\">\t<form class=\"wp-block-resthon-newsletter\" action=\"https:\/\/oconnors.stage.dekodes.no\/bergen\/wp-json\/resthon\/v1\/submit-newsletter\" method=\"post\">\n\t\t\t\t\t<h2 class=\"resthon-newsletter__title\">Nyhetsbrev<\/h2>\n\t\t\t\t\t\t\t<p class=\"resthon-newsletter__description\">Ikke g\u00e5 glipp av noe! Meld deg p\u00e5 v\u00e5rt nyhetsbrev, s\u00e5 gir vi deg beskjed om kommende arrangementer og muligheter for din bedrift.<\/p>\n\t\t\t\t<div class=\"resthon-newsletter__fields gform_wrapper gravity-theme\">\n\t\t\t<div class=\"gform_fields\">\n\t\t\t\t<div class=\"gfield gfield--width-half\">\n\t\t\t\t\t<label class=\"gfield_label gform-field-label\" for=\"firstname__69e3ca7b4ecd9\">Fornavn<\/label>\n\t\t\t\t\t<div class=\"ginput_container\">\n\t\t\t\t\t\t<input\n\t\t\t\t\t\t\tdata-required=\"true\"\t\t\t\t\t\t\tid=\"firstname__69e3ca7b4ecd9\"\n\t\t\t\t\t\t\tname=\"firstName\"\n\t\t\t\t\t\t\tplaceholder=\"Skriv inn ditt fornavn her...\"\n\t\t\t\t\t\t\ttype=\"text\"\n\t\t\t\t\t\t\/>\n\t\t\t\t\t<\/div>\n\t\t\t\t<\/div>\n\t\t\t\t<div class=\"gfield gfield--width-half\">\n\t\t\t\t\t<label class=\"gfield_label gform-field-label\" for=\"lastname__69e3ca7b4ecd9\">Etternavn<\/label>\n\t\t\t\t\t<div class=\"ginput_container\">\n\t\t\t\t\t\t<input\n\t\t\t\t\t\t\tdata-required=\"true\"\t\t\t\t\t\t\tid=\"lastname__69e3ca7b4ecd9\"\n\t\t\t\t\t\t\tname=\"lastName\"\n\t\t\t\t\t\t\tplaceholder=\"Skriv inn ditt etternavn her...\"\n\t\t\t\t\t\t\ttype=\"text\"\n\t\t\t\t\t\t\/>\n\t\t\t\t\t<\/div>\n\t\t\t\t<\/div>\n\t\t\t\t<div class=\"gfield gfield--type-date gfield--input-type-date gfield--width-half\">\n\t\t\t\t\t\t\t\t\t\t<div class=\"tooltip-wrapper\">\n\t\t\t\t\t\t\t<div class=\"tooltip\">\n\t\t\t\t\t\t\t\t<button class=\"open\"><svg xmlns=\"http:\/\/www.w3.org\/2000\/svg\" viewBox=\"0 0 16 16\" height=\"24\" width=\"24\" class=\"t2-icon t2-icon-tooltip\" aria-hidden=\"true\" focusable=\"false\"><path d=\"M8 1C4.1340139 1 1 4.1340139 1 8c0 3.865996 3.1340139 7 7 7 3.865996 0 7-3.134004 7-7 0-3.8659861-3.134004-7-7-7zm0 3c.5515453 0 1 .4484547 1 1s-.4484547 1-1 1-1-.4484547-1-1 .4484547-1 1-1zm0 3.25a.75.75 0 0 1 .75.75v4a.75.75 0 0 1-.75.75.75.75 0 0 1-.75-.75V8A.75.75 0 0 1 8 7.25z\"\/><\/svg><\/button>\n\t\t\t\t\t\t\t\t<div class=\"content\">\n\t\t\t\t\t\t\t\t\t<button class=\"close\"><svg xmlns=\"http:\/\/www.w3.org\/2000\/svg\" viewBox=\"0 0 24 24\" height=\"24\" width=\"24\" class=\"t2-icon t2-icon-close\" aria-hidden=\"true\" focusable=\"false\"><path d=\"M6.007 5.686a.758.758 0 0 0-.367.899c.039.125.552.659 2.674 2.785L10.939 12l-2.608 2.61c-1.819 1.821-2.627 2.655-2.67 2.759a.741.741 0 0 0 .594 1.02c.376.043.287.12 3.115-2.703L12 13.061l2.63 2.625c2.828 2.823 2.739 2.746 3.115 2.703a.741.741 0 0 0 .594-1.02c-.043-.104-.851-.938-2.67-2.759L13.061 12l2.625-2.63c2.823-2.828 2.746-2.739 2.703-3.115a.741.741 0 0 0-1.02-.594c-.104.043-.938.851-2.759 2.67L12 10.94 9.39 8.331c-1.821-1.819-2.655-2.627-2.759-2.67a.734.734 0 0 0-.624.025\"\/><\/svg><\/button>\n\t\t\t\t\t\t\t\t\t<p>Du m\u00e5 v\u00e6re 18 \u00e5r for melde deg p\u00e5 v\u00e5re nyhetsbrev. Vi trenger derfor din f\u00f8dselsdato for \u00e5 verifisere din alder.<\/p>\n\t\t\t\t\t\t\t\t<\/div>\n\t\t\t\t\t\t\t<\/div>\n\t\t\t\t\t\n\t\t\t\t\t\t<label class=\"gfield_label gform-field-label\" for=\"dob__69e3ca7b4ecd9\">\n\t\t\t\t\t\t\tF\u00f8dselsdato (valgfritt)\t\t\t\t\t\t<\/label>\n\n\t\t\t\t\t\t\t\t\t\t<\/div>\n\t\t\t\t\t\t\t\t\t\t<div class=\"ginput_container ginput_container_date\">\n\t\t\t\t\t\t<input\n\t\t\t\t\t\t\t\t\t\t\t\t\t\tid=\"dob__69e3ca7b4ecd9\"\n\t\t\t\t\t\t\tname=\"dob\"\n\t\t\t\t\t\t\tplaceholder=\"\"\n\t\t\t\t\t\t\ttype=\"date\"\n\t\t\t\t\t\t\/>\n\t\t\t\t\t<\/div>\n\t\t\t\t<\/div>\n\t\t\t\t<div class=\"gfield gfield--type-email gfield--input-type-email gfield--width-half\">\n\t\t\t\t\t<label class=\"gfield_label gform-field-label\" for=\"email__69e3ca7b4ecd9\">E-post<\/label>\n\t\t\t\t\t<div class=\"ginput_container ginput_container_email\">\n\t\t\t\t\t\t<input\n\t\t\t\t\t\t\tdata-required=\"true\"\n\t\t\t\t\t\t\tid=\"email__69e3ca7b4ecd9\"\n\t\t\t\t\t\t\tname=\"email\"\n\t\t\t\t\t\t\tplaceholder=\"Skriv inn din e-post her...\"\n\t\t\t\t\t\t\ttype=\"email\"\n\t\t\t\t\t\t\/>\n\t\t\t\t\t<\/div>\n\t\t\t\t<\/div>\n\t\t\t\t<div class=\"gfield gfield--type-consent gfield--input-type-consent\">\n\t\t\t\t\t<div class=\"ginput_container ginput_container_consent\">\n\t\t\t\t\t\t<input\n\t\t\t\t\t\t\ttype=\"checkbox\"\n\t\t\t\t\t\t\tname=\"consent\"\n\t\t\t\t\t\t\tdata-required=\"true\"\n\t\t\t\t\t\t\tid=\"consent__69e3ca7b4ecd9\"\n\t\t\t\t\t\t\/>\n\t\t\t\t\t\t<span class=\"check\"><svg xmlns=\"http:\/\/www.w3.org\/2000\/svg\" viewBox=\"0 0 24 24\" height=\"24\" width=\"24\" class=\"t2-icon t2-icon-check\" aria-hidden=\"true\" focusable=\"false\"><path d=\"M17.811 7.278a.813.813 0 0 0-.26.133 359.56 359.56 0 0 0-3.431 3.23l-3.404 3.225-.104.098-2.076-1.968c-1.474-1.398-2.127-1.991-2.252-2.047a.731.731 0 0 0-1.005.826.911.911 0 0 0 .128.282c.147.203 4.728 4.528 4.877 4.605.168.087.498.09.66.006.198-.102 7.625-7.164 7.714-7.334a.76.76 0 0 0-.045-.747.782.782 0 0 0-.802-.309\"\/><\/svg><\/span>\n\t\t\t\t\t\t<label class=\"gfield_label gform-field-label gform-field-label--type-inline\" for=\"consent__69e3ca7b4ecd9\">Jeg godtar vilk\u00e5rene i <a href=\"https:\/\/thon.no\/om\/personvern\/personvernerklaring\/\" target=\"_blank\" rel=\"noreferrer noopener\">personvernerkl\u00e6ringen<\/a>.<\/label>\n\t\t\t\t\t<\/div>\n\t\t\t\t<\/div>\n\t\t\t<\/div>\n\t\t\t<div class=\"gform_footer\">\n\t\t\t\t<div class=\"wp-block-button\">\n\t\t\t\t\t<button type=\"submit\" class=\"gform_button wp-block-button__link wp-element-button\">Registrer deg<\/button>\n\t\t\t\t<\/div>\n\t\t\t<\/div>\n\t\t<\/div>\n\t\t<div class=\"resthon-newsletter__success\">\n\t\t\t<svg xmlns=\"http:\/\/www.w3.org\/2000\/svg\" viewBox=\"0 0 148 102\" height=\"24\" width=\"24\" class=\"t2-icon t2-icon-newslettersuccess\" aria-hidden=\"true\" focusable=\"false\"><path d=\"M131.35 8.409c-6.512 2.572-11.979 4.861-12.148 5.087-.449.599-.378 1.728.141 2.247.291.291 1.45.646 3.269 1.001 1.55.303 3.012.608 3.25.677.388.113.431.528.431 4.124 0 4.635.151 5.095 1.674 5.095.798 0 1.13-.223 2.804-1.887l1.898-1.887 2.628 2.319c1.446 1.275 2.843 2.398 3.105 2.496.62.232 1.607-.152 1.927-.748.319-.596 4.958-20.78 4.958-21.572 0-.703-.951-1.668-1.62-1.644-.262.009-5.805 2.121-12.317 4.692m10.218 7.142c-2.515 11.027-2.405 10.596-2.705 10.596-.303 0-10.657-9.149-10.514-9.291.276-.277 15.34-11.129 15.387-11.085.029.027-.947 4.428-2.168 9.78m-2.222-8.544c-.494.481-12.277 8.877-12.559 8.949-.42.108-6.105-1.012-6.342-1.248-.084-.085-.093-.216-.018-.29.157-.158 18.456-7.443 18.796-7.484.124-.015.18.018.123.073m-9.408 13.439 1.548 1.359-1.665 1.678c-.915.922-1.751 1.677-1.856 1.677-.105 0-.192-1.45-.192-3.221 0-3.655-.166-3.54 2.165-1.493m-18.394 22.89C95.796 66.833 79.445 77.997 59.2 79.075c-4.305.229-7.782-.332-11.1-1.791-2.787-1.226-2.763-1.071-.503-3.196 6.068-5.709 8.56-12.386 6.327-16.951-.809-1.653-2.824-3.559-4.776-4.517-1.783-.875-3.848-.928-5.385-.137-1.456.749-3.543 3.128-4.605 5.249-2.885 5.762-2.057 11.89 2.237 16.539l1.558 1.688-1.423.909c-3.094 1.98-7.431 3.627-11.339 4.308-2.124.37-7.433.157-9.348-.375-2.12-.589-6.193-2.602-7.71-3.81-1.521-1.21-3.209-3.289-4.234-5.213-1.021-1.916-1.897-5.101-2.742-9.972-.398-2.298-.829-4.283-.957-4.412-.455-.455-1.007.04-1.007.904 0 1.199.932 6.532 1.623 9.289 1.521 6.067 4.871 10.279 10.297 12.95 3.179 1.565 5.535 2.135 9.417 2.278 5.926.218 11.801-1.49 17.378-5.053 1.149-.734 1.414-.815 1.827-.558 4.029 2.516 9.026 3.646 14.712 3.326 20.571-1.157 36.712-12.051 52.89-35.697 2.159-3.156 2.521-4.151 1.576-4.331-.295-.056-.986.771-2.369 2.834M48.851 54.158c1.379.688 3.066 2.34 3.742 3.665 1.467 2.876.45 7.332-2.594 11.369-1.262 1.673-4.013 4.523-5.141 5.326l-.751.535-1.4-1.47c-2.692-2.829-3.852-5.875-3.682-9.668.125-2.817.873-4.945 2.59-7.376 2.172-3.073 4.387-3.802 7.236-2.381\"\/><\/svg>\t\t\t\t\t\t\t<h2 class=\"resthon-newsletter__title\">Tusen takk!<\/h2>\n\t\t\t\t\t\t\t\t\t\t<p class=\"resthon-newsletter__description\">Du har n\u00e5 meldt deg p\u00e5 nyhetsbrevet.<\/p>\n\t\t\t\t\t<\/div>\n\t\t<!-- WP Nonce -->\n\t\t<input type=\"hidden\" name=\"_wpnonce\" value=\"c6fe5b66ce\" \/>\n\t\t<input type=\"hidden\" name=\"_site_id\" value=\"303\" \/>\n\t<\/form>\n\t<\/div><figure class=\"wp-block-media-text__media\"><img loading=\"lazy\" decoding=\"async\" width=\"720\" height=\"720\" src=\"https:\/\/resthon.stage.dekodes.no\/content\/uploads\/sites\/4\/2024\/07\/7IV0064-kvadratisk.jpg\" alt=\"En mann som sitter og leser en avis og drikker \u00f8l\" class=\"wp-image-242 size-full\" srcset=\"https:\/\/resthon.stage.dekodes.no\/content\/uploads\/sites\/4\/2024\/07\/7IV0064-kvadratisk.jpg 720w, https:\/\/resthon.stage.dekodes.no\/content\/uploads\/sites\/4\/2024\/07\/7IV0064-kvadratisk-300x300.jpg 300w, https:\/\/resthon.stage.dekodes.no\/content\/uploads\/sites\/4\/2024\/07\/7IV0064-kvadratisk-150x150.jpg 150w\" sizes=\"auto, (max-width: 720px) 100vw, 720px\" \/><\/figure><\/div>\n","protected":false},"excerpt":{"rendered":"<p>Velkommen til O\u2019Connor\u2019s Irish Pub Bergen<\/p>\n","protected":false},"author":3,"featured_media":0,"parent":0,"menu_order":0,"comment_status":"closed","ping_status":"closed","template":"","meta":{"_acf_changed":false,"editor_notices":[],"footnotes":""},"class_list":["post-24","page","type-page","status-publish","hentry"],"acf":[],"yoast_head":"<!-- This site is optimized with the Yoast SEO Premium plugin v27.3 (Yoast SEO v27.3) - https:\/\/yoast.com\/product\/yoast-seo-premium-wordpress\/ -->\n<title>Om oss - O&#039;Connors Bergen<\/title>\n<meta name=\"robots\" content=\"noindex, follow, max-snippet:-1, max-image-preview:large, max-video-preview:-1\" \/>\n<meta property=\"og:locale\" content=\"nb_NO\" \/>\n<meta property=\"og:type\" content=\"article\" \/>\n<meta property=\"og:title\" content=\"Om oss\" \/>\n<meta property=\"og:description\" content=\"Velkommen til O\u2019Connor\u2019s Irish Pub Bergen\" \/>\n<meta property=\"og:url\" content=\"https:\/\/oconnors.stage.dekodes.no\/bergen\/om-oss\/\" \/>\n<meta property=\"og:site_name\" content=\"O&#039;Connors Bergen\" \/>\n<meta property=\"article:modified_time\" content=\"2025-08-20T08:05:47+00:00\" \/>\n<meta property=\"og:image\" content=\"https:\/\/resthon.stage.dekodes.no\/content\/uploads\/sites\/4\/2024\/07\/7IV0064-kvadratisk.jpg\" \/>\n<meta name=\"twitter:card\" content=\"summary_large_image\" \/>\n<script type=\"application\/ld+json\" class=\"yoast-schema-graph\">{\"@context\":\"https:\\\/\\\/schema.org\",\"@graph\":[{\"@type\":\"WebPage\",\"@id\":\"https:\\\/\\\/oconnors.stage.dekodes.no\\\/bergen\\\/om-oss\\\/\",\"url\":\"https:\\\/\\\/oconnors.stage.dekodes.no\\\/bergen\\\/om-oss\\\/\",\"name\":\"Om oss - O&#039;Connors Bergen\",\"isPartOf\":{\"@id\":\"https:\\\/\\\/oconnors.stage.dekodes.no\\\/bergen\\\/#website\"},\"primaryImageOfPage\":{\"@id\":\"https:\\\/\\\/oconnors.stage.dekodes.no\\\/bergen\\\/om-oss\\\/#primaryimage\"},\"image\":{\"@id\":\"https:\\\/\\\/oconnors.stage.dekodes.no\\\/bergen\\\/om-oss\\\/#primaryimage\"},\"thumbnailUrl\":\"https:\\\/\\\/resthon.stage.dekodes.no\\\/content\\\/uploads\\\/sites\\\/4\\\/2024\\\/07\\\/7IV0064-kvadratisk.jpg\",\"datePublished\":\"2024-04-11T10:53:01+00:00\",\"dateModified\":\"2025-08-20T08:05:47+00:00\",\"breadcrumb\":{\"@id\":\"https:\\\/\\\/oconnors.stage.dekodes.no\\\/bergen\\\/om-oss\\\/#breadcrumb\"},\"inLanguage\":\"nb-NO\",\"potentialAction\":[{\"@type\":\"ReadAction\",\"target\":[\"https:\\\/\\\/oconnors.stage.dekodes.no\\\/bergen\\\/om-oss\\\/\"]}]},{\"@type\":\"ImageObject\",\"inLanguage\":\"nb-NO\",\"@id\":\"https:\\\/\\\/oconnors.stage.dekodes.no\\\/bergen\\\/om-oss\\\/#primaryimage\",\"url\":\"https:\\\/\\\/resthon.stage.dekodes.no\\\/content\\\/uploads\\\/sites\\\/4\\\/2024\\\/07\\\/7IV0064-kvadratisk.jpg\",\"contentUrl\":\"https:\\\/\\\/resthon.stage.dekodes.no\\\/content\\\/uploads\\\/sites\\\/4\\\/2024\\\/07\\\/7IV0064-kvadratisk.jpg\"},{\"@type\":\"BreadcrumbList\",\"@id\":\"https:\\\/\\\/oconnors.stage.dekodes.no\\\/bergen\\\/om-oss\\\/#breadcrumb\",\"itemListElement\":[{\"@type\":\"ListItem\",\"position\":1,\"name\":\"Home\",\"item\":\"https:\\\/\\\/oconnors.stage.dekodes.no\\\/bergen\\\/\"},{\"@type\":\"ListItem\",\"position\":2,\"name\":\"Om oss\"}]},{\"@type\":\"WebSite\",\"@id\":\"https:\\\/\\\/oconnors.stage.dekodes.no\\\/bergen\\\/#website\",\"url\":\"https:\\\/\\\/oconnors.stage.dekodes.no\\\/bergen\\\/\",\"name\":\"O&#039;Connors Bergen\",\"description\":\"\",\"publisher\":{\"@id\":\"https:\\\/\\\/oconnors.stage.dekodes.no\\\/bergen\\\/#organization\"},\"potentialAction\":[{\"@type\":\"SearchAction\",\"target\":{\"@type\":\"EntryPoint\",\"urlTemplate\":\"https:\\\/\\\/oconnors.stage.dekodes.no\\\/bergen\\\/?s={search_term_string}\"},\"query-input\":{\"@type\":\"PropertyValueSpecification\",\"valueRequired\":true,\"valueName\":\"search_term_string\"}}],\"inLanguage\":\"nb-NO\"},{\"@type\":\"Organization\",\"@id\":\"https:\\\/\\\/oconnors.stage.dekodes.no\\\/bergen\\\/#organization\",\"name\":\"O&#039;Connors Bergen\",\"url\":\"https:\\\/\\\/oconnors.stage.dekodes.no\\\/bergen\\\/\",\"logo\":{\"@type\":\"ImageObject\",\"inLanguage\":\"nb-NO\",\"@id\":\"https:\\\/\\\/oconnors.stage.dekodes.no\\\/bergen\\\/#\\\/schema\\\/logo\\\/image\\\/\",\"url\":\"https:\\\/\\\/resthon.stage.dekodes.no\\\/content\\\/uploads\\\/sites\\\/4\\\/2024\\\/03\\\/logo-oconnors-bergen.svg\",\"contentUrl\":\"https:\\\/\\\/resthon.stage.dekodes.no\\\/content\\\/uploads\\\/sites\\\/4\\\/2024\\\/03\\\/logo-oconnors-bergen.svg\",\"caption\":\"O&#039;Connors Bergen\"},\"image\":{\"@id\":\"https:\\\/\\\/oconnors.stage.dekodes.no\\\/bergen\\\/#\\\/schema\\\/logo\\\/image\\\/\"}}]}<\/script>\n<!-- \/ Yoast SEO Premium plugin. -->","yoast_head_json":{"title":"Om oss - O&#039;Connors Bergen","robots":{"index":"noindex","follow":"follow","max-snippet":"max-snippet:-1","max-image-preview":"max-image-preview:large","max-video-preview":"max-video-preview:-1"},"og_locale":"nb_NO","og_type":"article","og_title":"Om oss","og_description":"Velkommen til O\u2019Connor\u2019s Irish Pub Bergen","og_url":"https:\/\/oconnors.stage.dekodes.no\/bergen\/om-oss\/","og_site_name":"O&#039;Connors Bergen","article_modified_time":"2025-08-20T08:05:47+00:00","og_image":[{"url":"https:\/\/resthon.stage.dekodes.no\/content\/uploads\/sites\/4\/2024\/07\/7IV0064-kvadratisk.jpg","type":"","width":"","height":""}],"twitter_card":"summary_large_image","schema":{"@context":"https:\/\/schema.org","@graph":[{"@type":"WebPage","@id":"https:\/\/oconnors.stage.dekodes.no\/bergen\/om-oss\/","url":"https:\/\/oconnors.stage.dekodes.no\/bergen\/om-oss\/","name":"Om oss - O&#039;Connors Bergen","isPartOf":{"@id":"https:\/\/oconnors.stage.dekodes.no\/bergen\/#website"},"primaryImageOfPage":{"@id":"https:\/\/oconnors.stage.dekodes.no\/bergen\/om-oss\/#primaryimage"},"image":{"@id":"https:\/\/oconnors.stage.dekodes.no\/bergen\/om-oss\/#primaryimage"},"thumbnailUrl":"https:\/\/resthon.stage.dekodes.no\/content\/uploads\/sites\/4\/2024\/07\/7IV0064-kvadratisk.jpg","datePublished":"2024-04-11T10:53:01+00:00","dateModified":"2025-08-20T08:05:47+00:00","breadcrumb":{"@id":"https:\/\/oconnors.stage.dekodes.no\/bergen\/om-oss\/#breadcrumb"},"inLanguage":"nb-NO","potentialAction":[{"@type":"ReadAction","target":["https:\/\/oconnors.stage.dekodes.no\/bergen\/om-oss\/"]}]},{"@type":"ImageObject","inLanguage":"nb-NO","@id":"https:\/\/oconnors.stage.dekodes.no\/bergen\/om-oss\/#primaryimage","url":"https:\/\/resthon.stage.dekodes.no\/content\/uploads\/sites\/4\/2024\/07\/7IV0064-kvadratisk.jpg","contentUrl":"https:\/\/resthon.stage.dekodes.no\/content\/uploads\/sites\/4\/2024\/07\/7IV0064-kvadratisk.jpg"},{"@type":"BreadcrumbList","@id":"https:\/\/oconnors.stage.dekodes.no\/bergen\/om-oss\/#breadcrumb","itemListElement":[{"@type":"ListItem","position":1,"name":"Home","item":"https:\/\/oconnors.stage.dekodes.no\/bergen\/"},{"@type":"ListItem","position":2,"name":"Om oss"}]},{"@type":"WebSite","@id":"https:\/\/oconnors.stage.dekodes.no\/bergen\/#website","url":"https:\/\/oconnors.stage.dekodes.no\/bergen\/","name":"O&#039;Connors Bergen","description":"","publisher":{"@id":"https:\/\/oconnors.stage.dekodes.no\/bergen\/#organization"},"potentialAction":[{"@type":"SearchAction","target":{"@type":"EntryPoint","urlTemplate":"https:\/\/oconnors.stage.dekodes.no\/bergen\/?s={search_term_string}"},"query-input":{"@type":"PropertyValueSpecification","valueRequired":true,"valueName":"search_term_string"}}],"inLanguage":"nb-NO"},{"@type":"Organization","@id":"https:\/\/oconnors.stage.dekodes.no\/bergen\/#organization","name":"O&#039;Connors Bergen","url":"https:\/\/oconnors.stage.dekodes.no\/bergen\/","logo":{"@type":"ImageObject","inLanguage":"nb-NO","@id":"https:\/\/oconnors.stage.dekodes.no\/bergen\/#\/schema\/logo\/image\/","url":"https:\/\/resthon.stage.dekodes.no\/content\/uploads\/sites\/4\/2024\/03\/logo-oconnors-bergen.svg","contentUrl":"https:\/\/resthon.stage.dekodes.no\/content\/uploads\/sites\/4\/2024\/03\/logo-oconnors-bergen.svg","caption":"O&#039;Connors Bergen"},"image":{"@id":"https:\/\/oconnors.stage.dekodes.no\/bergen\/#\/schema\/logo\/image\/"}}]}},"_links":{"self":[{"href":"https:\/\/oconnors.stage.dekodes.no\/bergen\/wp-json\/wp\/v2\/pages\/24","targetHints":{"allow":["GET"]}}],"collection":[{"href":"https:\/\/oconnors.stage.dekodes.no\/bergen\/wp-json\/wp\/v2\/pages"}],"about":[{"href":"https:\/\/oconnors.stage.dekodes.no\/bergen\/wp-json\/wp\/v2\/types\/page"}],"author":[{"embeddable":true,"href":"https:\/\/oconnors.stage.dekodes.no\/bergen\/wp-json\/wp\/v2\/users\/3"}],"replies":[{"embeddable":true,"href":"https:\/\/oconnors.stage.dekodes.no\/bergen\/wp-json\/wp\/v2\/comments?post=24"}],"version-history":[{"count":5,"href":"https:\/\/oconnors.stage.dekodes.no\/bergen\/wp-json\/wp\/v2\/pages\/24\/revisions"}],"predecessor-version":[{"id":1033,"href":"https:\/\/oconnors.stage.dekodes.no\/bergen\/wp-json\/wp\/v2\/pages\/24\/revisions\/1033"}],"wp:attachment":[{"href":"https:\/\/oconnors.stage.dekodes.no\/bergen\/wp-json\/wp\/v2\/media?parent=24"}],"curies":[{"name":"wp","href":"https:\/\/api.w.org\/{rel}","templated":true}]}}