{"id":11,"date":"2025-06-02T14:11:03","date_gmt":"2025-06-02T12:11:03","guid":{"rendered":"https:\/\/oconnors.stage.dekodes.no\/jessheim\/?page_id=11"},"modified":"2025-11-12T13:34:20","modified_gmt":"2025-11-12T12:34:20","slug":"drikke","status":"publish","type":"page","link":"https:\/\/oconnors.stage.dekodes.no\/jessheim\/drikke\/","title":{"rendered":"Drikke"},"content":{"rendered":"\n\t<div style=\"--t2-hero-dim:0.5;\" class=\"t2-hero t2-hero-content-position-center-center t2-hero-has-dim-50 t2-hero-has-fullsize-image alignfull wp-block-t2-hero alignfull\">\n\t\t<img decoding=\"async\" width=\"1024\" height=\"768\" src=\"https:\/\/resthon.stage.dekodes.no\/content\/uploads\/sites\/24\/2025\/10\/OConnors-OConnors-Jessheim-apning-2.jpg\" class=\"t2-hero__image\" alt=\"Bartender som lager drinker.\" style=\"object-position: 50% 50%;\" loading=\"eager\" fetchpriority=\"high\" srcset=\"https:\/\/resthon.stage.dekodes.no\/content\/uploads\/sites\/24\/2025\/10\/OConnors-OConnors-Jessheim-apning-2.jpg 1024w, https:\/\/resthon.stage.dekodes.no\/content\/uploads\/sites\/24\/2025\/10\/OConnors-OConnors-Jessheim-apning-2-300x225.jpg 300w, https:\/\/resthon.stage.dekodes.no\/content\/uploads\/sites\/24\/2025\/10\/OConnors-OConnors-Jessheim-apning-2-768x576.jpg 768w\" sizes=\"(max-width: 1024px) 100vw, 1024px\" \/>\n\t\t<div class=\"t2-hero__header\"><div class=\"t2-hero__header__content\">\n\n<h1 class=\"wp-block-heading alignwide has-text-align-center\" id=\"h-drikke\">Drikke<\/h1>\n\n\n\n<p>Se v\u00e5rt utvalg av drikke.<\/p>\n\n\n\n<div class=\"wp-block-buttons is-content-justification-center is-layout-flex wp-container-core-buttons-is-layout-a89b3969 wp-block-buttons-is-layout-flex\">\n<div class=\"wp-block-button\"><a class=\"wp-block-button__link wp-element-button\" href=\"#h-drikkemeny\">Se v\u00e5r drikkemeny<\/a><\/div>\n\n\n\n<div class=\"wp-block-button\"><a class=\"wp-block-button__link wp-element-button\" href=\"https:\/\/oconnors.stage.dekodes.no\/jessheim\/cocktails\/\">Se v\u00e5r cocktailmeny<\/a><\/div>\n<\/div>\n\n<\/div><\/div>\n\t<\/div>\n\n\n<h1 class=\"wp-block-heading has-text-align-center\" id=\"h-drikkemeny\">Drikkemeny<\/h1>\n\n\n\n<p>Her kan dere se v\u00e5rt utvalg av drikke. Det er fra b\u00e5de innland og utland, og masse spennende \u00e5 pr\u00f8ve. Velkommen!<\/p>\n","protected":false},"excerpt":{"rendered":"<p>Drikkemeny Her kan dere se v\u00e5rt utvalg av drikke. Det er fra b\u00e5de innland og&#8230;<\/p>\n","protected":false},"author":1,"featured_media":0,"parent":0,"menu_order":0,"comment_status":"closed","ping_status":"closed","template":"","meta":{"_acf_changed":false,"editor_notices":[],"footnotes":""},"class_list":["post-11","page","type-page","status-publish","hentry"],"acf":[],"yoast_head":"<!-- This site is optimized with the Yoast SEO Premium plugin v27.3 (Yoast SEO v27.3) - https:\/\/yoast.com\/product\/yoast-seo-premium-wordpress\/ -->\n<title>Drikke - O&#039;Connors Jessheim<\/title>\n<meta name=\"description\" content=\"Her kan du se v\u00e5rt spennende utvalg av drikke. Vi har alle rettigheter. Sp\u00f8r v\u00e5re dyktige bartendere hvis du lurer p\u00e5 noe!\" \/>\n<meta name=\"robots\" content=\"noindex, follow, max-snippet:-1, max-image-preview:large, max-video-preview:-1\" \/>\n<meta property=\"og:locale\" content=\"nb_NO\" \/>\n<meta property=\"og:type\" content=\"article\" \/>\n<meta property=\"og:title\" content=\"Drikke\" \/>\n<meta property=\"og:description\" content=\"Her kan du se v\u00e5rt spennende utvalg av drikke. Vi har alle rettigheter. Sp\u00f8r v\u00e5re dyktige bartendere hvis du lurer p\u00e5 noe!\" \/>\n<meta property=\"og:url\" content=\"https:\/\/oconnors.stage.dekodes.no\/jessheim\/drikke\/\" \/>\n<meta property=\"og:site_name\" content=\"O&#039;Connors Jessheim\" \/>\n<meta property=\"article:modified_time\" content=\"2025-11-12T12:34:20+00:00\" \/>\n<meta name=\"twitter:card\" content=\"summary_large_image\" \/>\n<meta name=\"twitter:label1\" content=\"Ansl. lesetid\" \/>\n\t<meta name=\"twitter:data1\" content=\"1 minutt\" \/>\n<script type=\"application\/ld+json\" class=\"yoast-schema-graph\">{\"@context\":\"https:\\\/\\\/schema.org\",\"@graph\":[{\"@type\":\"WebPage\",\"@id\":\"https:\\\/\\\/oconnors.stage.dekodes.no\\\/jessheim\\\/drikke\\\/\",\"url\":\"https:\\\/\\\/oconnors.stage.dekodes.no\\\/jessheim\\\/drikke\\\/\",\"name\":\"Drikke - O&#039;Connors Jessheim\",\"isPartOf\":{\"@id\":\"https:\\\/\\\/oconnors.stage.dekodes.no\\\/jessheim\\\/#website\"},\"datePublished\":\"2025-06-02T12:11:03+00:00\",\"dateModified\":\"2025-11-12T12:34:20+00:00\",\"description\":\"Her kan du se v\u00e5rt spennende utvalg av drikke. Vi har alle rettigheter. Sp\u00f8r v\u00e5re dyktige bartendere hvis du lurer p\u00e5 noe!\",\"breadcrumb\":{\"@id\":\"https:\\\/\\\/oconnors.stage.dekodes.no\\\/jessheim\\\/drikke\\\/#breadcrumb\"},\"inLanguage\":\"nb-NO\",\"potentialAction\":[{\"@type\":\"ReadAction\",\"target\":[\"https:\\\/\\\/oconnors.stage.dekodes.no\\\/jessheim\\\/drikke\\\/\"]}]},{\"@type\":\"BreadcrumbList\",\"@id\":\"https:\\\/\\\/oconnors.stage.dekodes.no\\\/jessheim\\\/drikke\\\/#breadcrumb\",\"itemListElement\":[{\"@type\":\"ListItem\",\"position\":1,\"name\":\"Hjem\",\"item\":\"https:\\\/\\\/oconnors.stage.dekodes.no\\\/jessheim\\\/\"},{\"@type\":\"ListItem\",\"position\":2,\"name\":\"Drikke\"}]},{\"@type\":\"WebSite\",\"@id\":\"https:\\\/\\\/oconnors.stage.dekodes.no\\\/jessheim\\\/#website\",\"url\":\"https:\\\/\\\/oconnors.stage.dekodes.no\\\/jessheim\\\/\",\"name\":\"O&#039;Connors Jessheim\",\"description\":\"\",\"potentialAction\":[{\"@type\":\"SearchAction\",\"target\":{\"@type\":\"EntryPoint\",\"urlTemplate\":\"https:\\\/\\\/oconnors.stage.dekodes.no\\\/jessheim\\\/?s={search_term_string}\"},\"query-input\":{\"@type\":\"PropertyValueSpecification\",\"valueRequired\":true,\"valueName\":\"search_term_string\"}}],\"inLanguage\":\"nb-NO\"}]}<\/script>\n<!-- \/ Yoast SEO Premium plugin. -->","yoast_head_json":{"title":"Drikke - O&#039;Connors Jessheim","description":"Her kan du se v\u00e5rt spennende utvalg av drikke. Vi har alle rettigheter. Sp\u00f8r v\u00e5re dyktige bartendere hvis du lurer p\u00e5 noe!","robots":{"index":"noindex","follow":"follow","max-snippet":"max-snippet:-1","max-image-preview":"max-image-preview:large","max-video-preview":"max-video-preview:-1"},"og_locale":"nb_NO","og_type":"article","og_title":"Drikke","og_description":"Her kan du se v\u00e5rt spennende utvalg av drikke. Vi har alle rettigheter. Sp\u00f8r v\u00e5re dyktige bartendere hvis du lurer p\u00e5 noe!","og_url":"https:\/\/oconnors.stage.dekodes.no\/jessheim\/drikke\/","og_site_name":"O&#039;Connors Jessheim","article_modified_time":"2025-11-12T12:34:20+00:00","twitter_card":"summary_large_image","twitter_misc":{"Ansl. lesetid":"1 minutt"},"schema":{"@context":"https:\/\/schema.org","@graph":[{"@type":"WebPage","@id":"https:\/\/oconnors.stage.dekodes.no\/jessheim\/drikke\/","url":"https:\/\/oconnors.stage.dekodes.no\/jessheim\/drikke\/","name":"Drikke - O&#039;Connors Jessheim","isPartOf":{"@id":"https:\/\/oconnors.stage.dekodes.no\/jessheim\/#website"},"datePublished":"2025-06-02T12:11:03+00:00","dateModified":"2025-11-12T12:34:20+00:00","description":"Her kan du se v\u00e5rt spennende utvalg av drikke. Vi har alle rettigheter. Sp\u00f8r v\u00e5re dyktige bartendere hvis du lurer p\u00e5 noe!","breadcrumb":{"@id":"https:\/\/oconnors.stage.dekodes.no\/jessheim\/drikke\/#breadcrumb"},"inLanguage":"nb-NO","potentialAction":[{"@type":"ReadAction","target":["https:\/\/oconnors.stage.dekodes.no\/jessheim\/drikke\/"]}]},{"@type":"BreadcrumbList","@id":"https:\/\/oconnors.stage.dekodes.no\/jessheim\/drikke\/#breadcrumb","itemListElement":[{"@type":"ListItem","position":1,"name":"Hjem","item":"https:\/\/oconnors.stage.dekodes.no\/jessheim\/"},{"@type":"ListItem","position":2,"name":"Drikke"}]},{"@type":"WebSite","@id":"https:\/\/oconnors.stage.dekodes.no\/jessheim\/#website","url":"https:\/\/oconnors.stage.dekodes.no\/jessheim\/","name":"O&#039;Connors Jessheim","description":"","potentialAction":[{"@type":"SearchAction","target":{"@type":"EntryPoint","urlTemplate":"https:\/\/oconnors.stage.dekodes.no\/jessheim\/?s={search_term_string}"},"query-input":{"@type":"PropertyValueSpecification","valueRequired":true,"valueName":"search_term_string"}}],"inLanguage":"nb-NO"}]}},"_links":{"self":[{"href":"https:\/\/oconnors.stage.dekodes.no\/jessheim\/wp-json\/wp\/v2\/pages\/11","targetHints":{"allow":["GET"]}}],"collection":[{"href":"https:\/\/oconnors.stage.dekodes.no\/jessheim\/wp-json\/wp\/v2\/pages"}],"about":[{"href":"https:\/\/oconnors.stage.dekodes.no\/jessheim\/wp-json\/wp\/v2\/types\/page"}],"author":[{"embeddable":true,"href":"https:\/\/oconnors.stage.dekodes.no\/jessheim\/wp-json\/wp\/v2\/users\/1"}],"replies":[{"embeddable":true,"href":"https:\/\/oconnors.stage.dekodes.no\/jessheim\/wp-json\/wp\/v2\/comments?post=11"}],"version-history":[{"count":5,"href":"https:\/\/oconnors.stage.dekodes.no\/jessheim\/wp-json\/wp\/v2\/pages\/11\/revisions"}],"predecessor-version":[{"id":488,"href":"https:\/\/oconnors.stage.dekodes.no\/jessheim\/wp-json\/wp\/v2\/pages\/11\/revisions\/488"}],"wp:attachment":[{"href":"https:\/\/oconnors.stage.dekodes.no\/jessheim\/wp-json\/wp\/v2\/media?parent=11"}],"curies":[{"name":"wp","href":"https:\/\/api.w.org\/{rel}","templated":true}]}}