{"id":127,"date":"2025-09-09T11:07:27","date_gmt":"2025-09-09T09:07:27","guid":{"rendered":"https:\/\/oconnors.stage.dekodes.no\/jessheim\/?page_id=127"},"modified":"2026-01-02T15:05:45","modified_gmt":"2026-01-02T14:05:45","slug":"sportskalender","status":"publish","type":"page","link":"https:\/\/oconnors.stage.dekodes.no\/jessheim\/sportskalender\/","title":{"rendered":"Sportskalender"},"content":{"rendered":"\n\t<div style=\"--t2-hero-dim:0.5;\" class=\"t2-hero t2-hero-content-position-center-center t2-hero-has-dim-50 t2-hero-has-fullsize-image alignfull wp-block-t2-hero alignfull\">\n\t\t<img decoding=\"async\" width=\"2560\" height=\"1920\" src=\"https:\/\/resthon.stage.dekodes.no\/content\/uploads\/sites\/24\/2025\/09\/7IV1277-2560x1920.jpg\" class=\"t2-hero__image\" alt=\"Mann som ser p\u00e5 fotball p\u00e5 O&#039;Connor&#039;s Jessheim.\" style=\"object-position: 53% 64%;\" loading=\"eager\" fetchpriority=\"high\" srcset=\"https:\/\/resthon.stage.dekodes.no\/content\/uploads\/sites\/24\/2025\/09\/7IV1277-2560x1920.jpg 2560w, https:\/\/resthon.stage.dekodes.no\/content\/uploads\/sites\/24\/2025\/09\/7IV1277-300x225.jpg 300w, https:\/\/resthon.stage.dekodes.no\/content\/uploads\/sites\/24\/2025\/09\/7IV1277-1024x768.jpg 1024w, https:\/\/resthon.stage.dekodes.no\/content\/uploads\/sites\/24\/2025\/09\/7IV1277-768x576.jpg 768w, https:\/\/resthon.stage.dekodes.no\/content\/uploads\/sites\/24\/2025\/09\/7IV1277-1536x1152.jpg 1536w, https:\/\/resthon.stage.dekodes.no\/content\/uploads\/sites\/24\/2025\/09\/7IV1277-2048x1536.jpg 2048w\" sizes=\"(max-width: 2560px) 100vw, 2560px\" \/>\n\t\t<div class=\"t2-hero__header\"><div class=\"t2-hero__header__content\">\n\n<h1 class=\"wp-block-heading alignwide has-text-align-center\" id=\"h-sportskalender\">Sportskalender<\/h1>\n\n\n\n<p>Se det beste fra sportsverden p\u00e5 v\u00e5re skjermer p\u00e5 O&#8217;Connor&#8217;s Jessheim!<\/p>\n\n\n\n<div class=\"wp-block-buttons is-content-justification-center is-layout-flex wp-container-core-buttons-is-layout-a89b3969 wp-block-buttons-is-layout-flex\"><\/div>\n\n<\/div><\/div>\n\t<\/div>\n\n<style class=\"wp-block-resthon-table-style-f7892427-980a-4f03-868f-552e4aee1cab\">\n\t\t\t\t.wp-block-resthon-table.wp-block-id-f7892427-980a-4f03-868f-552e4aee1cab {\n\t\t\t\t\t--tr-background-color-is-heading: #235d37;--tr-background-color: #f2ebd2;--tr-background-color-alt: #f2ebd2;--tr-color-is-heading: #fff8e1;--tr-background-color-hover: #ffffff;\n\t\t\t\t}\n\t\t<\/style><div class=\"wp-block-resthon-table wp-block-id-f7892427-980a-4f03-868f-552e4aee1cab has-alternative-rows mobile-is-spread wp-block-resthon-table\">\n\n\n\n\n\n\n\n\n\n\n\n\n\n\n\n\n\n\n\n\n\n\n\n\n\n<\/div>\n\n\n<p><\/p>\n","protected":false},"excerpt":{"rendered":"","protected":false},"author":11,"featured_media":0,"parent":0,"menu_order":0,"comment_status":"closed","ping_status":"closed","template":"","meta":{"_acf_changed":false,"editor_notices":[],"footnotes":""},"class_list":["post-127","page","type-page","status-publish","hentry"],"acf":[],"yoast_head":"<!-- This site is optimized with the Yoast SEO Premium plugin v27.3 (Yoast SEO v27.3) - https:\/\/yoast.com\/product\/yoast-seo-premium-wordpress\/ -->\n<title>Sportskalender - O&#039;Connors Jessheim<\/title>\n<meta name=\"description\" content=\"P\u00e5 O&#039;Connor&#039;s Irish pub p\u00e5 Jessheim kan du se sport p\u00e5 storskjerm. Vi viser det beste av b\u00e5de internasjonal og norsk sport.\" \/>\n<meta name=\"robots\" content=\"noindex, follow, max-snippet:-1, max-image-preview:large, max-video-preview:-1\" \/>\n<meta property=\"og:locale\" content=\"nb_NO\" \/>\n<meta property=\"og:type\" content=\"article\" \/>\n<meta property=\"og:title\" content=\"Sportskalender\" \/>\n<meta property=\"og:description\" content=\"P\u00e5 O&#039;Connor&#039;s Irish pub p\u00e5 Jessheim kan du se sport p\u00e5 storskjerm. Vi viser det beste av b\u00e5de internasjonal og norsk sport.\" \/>\n<meta property=\"og:url\" content=\"https:\/\/oconnors.stage.dekodes.no\/jessheim\/sportskalender\/\" \/>\n<meta property=\"og:site_name\" content=\"O&#039;Connors Jessheim\" \/>\n<meta property=\"article:modified_time\" content=\"2026-01-02T14:05:45+00:00\" \/>\n<meta name=\"twitter:card\" content=\"summary_large_image\" \/>\n<meta name=\"twitter:label1\" content=\"Ansl. lesetid\" \/>\n\t<meta name=\"twitter:data1\" content=\"1 minutt\" \/>\n<script type=\"application\/ld+json\" class=\"yoast-schema-graph\">{\"@context\":\"https:\\\/\\\/schema.org\",\"@graph\":[{\"@type\":\"WebPage\",\"@id\":\"https:\\\/\\\/oconnors.stage.dekodes.no\\\/jessheim\\\/sportskalender\\\/\",\"url\":\"https:\\\/\\\/oconnors.stage.dekodes.no\\\/jessheim\\\/sportskalender\\\/\",\"name\":\"Sportskalender - O&#039;Connors Jessheim\",\"isPartOf\":{\"@id\":\"https:\\\/\\\/oconnors.stage.dekodes.no\\\/jessheim\\\/#website\"},\"datePublished\":\"2025-09-09T09:07:27+00:00\",\"dateModified\":\"2026-01-02T14:05:45+00:00\",\"description\":\"P\u00e5 O'Connor's Irish pub p\u00e5 Jessheim kan du se sport p\u00e5 storskjerm. Vi viser det beste av b\u00e5de internasjonal og norsk sport.\",\"breadcrumb\":{\"@id\":\"https:\\\/\\\/oconnors.stage.dekodes.no\\\/jessheim\\\/sportskalender\\\/#breadcrumb\"},\"inLanguage\":\"nb-NO\",\"potentialAction\":[{\"@type\":\"ReadAction\",\"target\":[\"https:\\\/\\\/oconnors.stage.dekodes.no\\\/jessheim\\\/sportskalender\\\/\"]}]},{\"@type\":\"BreadcrumbList\",\"@id\":\"https:\\\/\\\/oconnors.stage.dekodes.no\\\/jessheim\\\/sportskalender\\\/#breadcrumb\",\"itemListElement\":[{\"@type\":\"ListItem\",\"position\":1,\"name\":\"Hjem\",\"item\":\"https:\\\/\\\/oconnors.stage.dekodes.no\\\/jessheim\\\/\"},{\"@type\":\"ListItem\",\"position\":2,\"name\":\"Sportskalender\"}]},{\"@type\":\"WebSite\",\"@id\":\"https:\\\/\\\/oconnors.stage.dekodes.no\\\/jessheim\\\/#website\",\"url\":\"https:\\\/\\\/oconnors.stage.dekodes.no\\\/jessheim\\\/\",\"name\":\"O&#039;Connors Jessheim\",\"description\":\"\",\"potentialAction\":[{\"@type\":\"SearchAction\",\"target\":{\"@type\":\"EntryPoint\",\"urlTemplate\":\"https:\\\/\\\/oconnors.stage.dekodes.no\\\/jessheim\\\/?s={search_term_string}\"},\"query-input\":{\"@type\":\"PropertyValueSpecification\",\"valueRequired\":true,\"valueName\":\"search_term_string\"}}],\"inLanguage\":\"nb-NO\"}]}<\/script>\n<!-- \/ Yoast SEO Premium plugin. -->","yoast_head_json":{"title":"Sportskalender - O&#039;Connors Jessheim","description":"P\u00e5 O'Connor's Irish pub p\u00e5 Jessheim kan du se sport p\u00e5 storskjerm. Vi viser det beste av b\u00e5de internasjonal og norsk sport.","robots":{"index":"noindex","follow":"follow","max-snippet":"max-snippet:-1","max-image-preview":"max-image-preview:large","max-video-preview":"max-video-preview:-1"},"og_locale":"nb_NO","og_type":"article","og_title":"Sportskalender","og_description":"P\u00e5 O'Connor's Irish pub p\u00e5 Jessheim kan du se sport p\u00e5 storskjerm. Vi viser det beste av b\u00e5de internasjonal og norsk sport.","og_url":"https:\/\/oconnors.stage.dekodes.no\/jessheim\/sportskalender\/","og_site_name":"O&#039;Connors Jessheim","article_modified_time":"2026-01-02T14:05:45+00:00","twitter_card":"summary_large_image","twitter_misc":{"Ansl. lesetid":"1 minutt"},"schema":{"@context":"https:\/\/schema.org","@graph":[{"@type":"WebPage","@id":"https:\/\/oconnors.stage.dekodes.no\/jessheim\/sportskalender\/","url":"https:\/\/oconnors.stage.dekodes.no\/jessheim\/sportskalender\/","name":"Sportskalender - O&#039;Connors Jessheim","isPartOf":{"@id":"https:\/\/oconnors.stage.dekodes.no\/jessheim\/#website"},"datePublished":"2025-09-09T09:07:27+00:00","dateModified":"2026-01-02T14:05:45+00:00","description":"P\u00e5 O'Connor's Irish pub p\u00e5 Jessheim kan du se sport p\u00e5 storskjerm. Vi viser det beste av b\u00e5de internasjonal og norsk sport.","breadcrumb":{"@id":"https:\/\/oconnors.stage.dekodes.no\/jessheim\/sportskalender\/#breadcrumb"},"inLanguage":"nb-NO","potentialAction":[{"@type":"ReadAction","target":["https:\/\/oconnors.stage.dekodes.no\/jessheim\/sportskalender\/"]}]},{"@type":"BreadcrumbList","@id":"https:\/\/oconnors.stage.dekodes.no\/jessheim\/sportskalender\/#breadcrumb","itemListElement":[{"@type":"ListItem","position":1,"name":"Hjem","item":"https:\/\/oconnors.stage.dekodes.no\/jessheim\/"},{"@type":"ListItem","position":2,"name":"Sportskalender"}]},{"@type":"WebSite","@id":"https:\/\/oconnors.stage.dekodes.no\/jessheim\/#website","url":"https:\/\/oconnors.stage.dekodes.no\/jessheim\/","name":"O&#039;Connors Jessheim","description":"","potentialAction":[{"@type":"SearchAction","target":{"@type":"EntryPoint","urlTemplate":"https:\/\/oconnors.stage.dekodes.no\/jessheim\/?s={search_term_string}"},"query-input":{"@type":"PropertyValueSpecification","valueRequired":true,"valueName":"search_term_string"}}],"inLanguage":"nb-NO"}]}},"_links":{"self":[{"href":"https:\/\/oconnors.stage.dekodes.no\/jessheim\/wp-json\/wp\/v2\/pages\/127","targetHints":{"allow":["GET"]}}],"collection":[{"href":"https:\/\/oconnors.stage.dekodes.no\/jessheim\/wp-json\/wp\/v2\/pages"}],"about":[{"href":"https:\/\/oconnors.stage.dekodes.no\/jessheim\/wp-json\/wp\/v2\/types\/page"}],"author":[{"embeddable":true,"href":"https:\/\/oconnors.stage.dekodes.no\/jessheim\/wp-json\/wp\/v2\/users\/11"}],"replies":[{"embeddable":true,"href":"https:\/\/oconnors.stage.dekodes.no\/jessheim\/wp-json\/wp\/v2\/comments?post=127"}],"version-history":[{"count":4,"href":"https:\/\/oconnors.stage.dekodes.no\/jessheim\/wp-json\/wp\/v2\/pages\/127\/revisions"}],"predecessor-version":[{"id":580,"href":"https:\/\/oconnors.stage.dekodes.no\/jessheim\/wp-json\/wp\/v2\/pages\/127\/revisions\/580"}],"wp:attachment":[{"href":"https:\/\/oconnors.stage.dekodes.no\/jessheim\/wp-json\/wp\/v2\/media?parent=127"}],"curies":[{"name":"wp","href":"https:\/\/api.w.org\/{rel}","templated":true}]}}