{"id":87,"date":"2024-10-11T15:00:16","date_gmt":"2024-10-11T13:00:16","guid":{"rendered":"https:\/\/oconnors.stage.dekodes.no\/stavanger\/?page_id=87"},"modified":"2025-07-01T13:11:03","modified_gmt":"2025-07-01T11:11:03","slug":"drikke","status":"publish","type":"page","link":"https:\/\/oconnors.stage.dekodes.no\/stavanger\/drikke\/","title":{"rendered":"Drikke"},"content":{"rendered":"\n\t<div style=\"--t2-hero-dim:0.6;\" class=\"t2-hero t2-hero-content-position-center-center t2-hero-has-dim-60 t2-hero-has-fullsize-image alignfull wp-block-t2-hero alignfull\">\n\t\t<img decoding=\"async\" width=\"2560\" height=\"1828\" src=\"https:\/\/resthon.stage.dekodes.no\/content\/uploads\/sites\/6\/2024\/12\/7IV9488-Enhanced-NR-2560x1828.jpg\" class=\"t2-hero__image\" alt=\"\" style=\"object-position: 50% 50%;\" loading=\"eager\" fetchpriority=\"high\" srcset=\"https:\/\/resthon.stage.dekodes.no\/content\/uploads\/sites\/6\/2024\/12\/7IV9488-Enhanced-NR-2560x1828.jpg 2560w, https:\/\/resthon.stage.dekodes.no\/content\/uploads\/sites\/6\/2024\/12\/7IV9488-Enhanced-NR-300x214.jpg 300w, https:\/\/resthon.stage.dekodes.no\/content\/uploads\/sites\/6\/2024\/12\/7IV9488-Enhanced-NR-1024x731.jpg 1024w, https:\/\/resthon.stage.dekodes.no\/content\/uploads\/sites\/6\/2024\/12\/7IV9488-Enhanced-NR-768x548.jpg 768w, https:\/\/resthon.stage.dekodes.no\/content\/uploads\/sites\/6\/2024\/12\/7IV9488-Enhanced-NR-1536x1097.jpg 1536w, https:\/\/resthon.stage.dekodes.no\/content\/uploads\/sites\/6\/2024\/12\/7IV9488-Enhanced-NR-2048x1463.jpg 2048w\" sizes=\"(max-width: 2560px) 100vw, 2560px\" \/>\n\t\t<div class=\"t2-hero__header\"><div class=\"t2-hero__header__content\">\n\n<h1 class=\"wp-block-heading alignwide has-text-align-center\" id=\"h-drikke\">Drikke<\/h1>\n\n\n\n<p>Mangetallig og variert:<br>V\u00e5rt drikkeutvalg innbyr til nye smaksopplevelser!<\/p>\n\n\n\n<div class=\"wp-block-buttons is-content-justification-center is-layout-flex wp-container-core-buttons-is-layout-a89b3969 wp-block-buttons-is-layout-flex\">\n<div class=\"wp-block-button\"><a class=\"wp-block-button__link wp-element-button\" href=\"#h-drikkemeny\">Se v\u00e5r drikkemeny<\/a><\/div>\n<\/div>\n\n<\/div><\/div>\n\t<\/div>\n\n\n<h2 class=\"wp-block-heading has-text-align-center\" id=\"h-velkommen-til-en-smaksopplevelse\">Velkommen til en smaksopplevelse!<\/h2>\n\n\n\n<p>Enhver irsk pub med respekt for seg selv og sine gjester har et rikholdig utvalg av stout, ale, cider og pils p\u00e5 b\u00e5de fat og flaske. Vi p\u00e5 O\u2019Connor\u2019s legger v\u00e5r stolthet i \u00e5 v\u00e6re veldig respektfulle. Det samme gjelder selvsagt v\u00e5rt utvalg ellers ogs\u00e5: whisky og cocktails er v\u00e5rt fag. Sp\u00f8r oss om gjerne om v\u00e5re whisky-cocktails!<\/p>\n\n\n\n<h1 class=\"wp-block-heading has-text-align-center\" id=\"h-drikkemeny\">Drikkemeny<\/h1>\n","protected":false},"excerpt":{"rendered":"<p>Velkommen til en smaksopplevelse! Enhver irsk pub med respekt for seg selv og sine gjester&#8230;<\/p>\n","protected":false},"author":1,"featured_media":101,"parent":0,"menu_order":0,"comment_status":"closed","ping_status":"closed","template":"","meta":{"_acf_changed":false,"editor_notices":[],"footnotes":""},"class_list":["post-87","page","type-page","status-publish","has-post-thumbnail","hentry"],"acf":[],"yoast_head":"<!-- This site is optimized with the Yoast SEO Premium plugin v27.3 (Yoast SEO v27.3) - https:\/\/yoast.com\/product\/yoast-seo-premium-wordpress\/ -->\n<title>Drikke - O&#039;Connors Stavanger<\/title>\n<meta name=\"robots\" content=\"noindex, follow, max-snippet:-1, max-image-preview:large, max-video-preview:-1\" \/>\n<meta property=\"og:locale\" content=\"nb_NO\" \/>\n<meta property=\"og:type\" content=\"article\" \/>\n<meta property=\"og:title\" content=\"Drikke\" \/>\n<meta property=\"og:description\" content=\"Velkommen til en smaksopplevelse! Enhver irsk pub med respekt for seg selv og sine gjester...\" \/>\n<meta property=\"og:url\" content=\"https:\/\/oconnors.stage.dekodes.no\/stavanger\/drikke\/\" \/>\n<meta property=\"og:site_name\" content=\"O&#039;Connors Stavanger\" \/>\n<meta property=\"article:modified_time\" content=\"2025-07-01T11:11:03+00:00\" \/>\n<meta property=\"og:image\" content=\"https:\/\/resthon.stage.dekodes.no\/content\/uploads\/sites\/6\/2024\/10\/7IV4650-scaled.jpg\" \/>\n\t<meta property=\"og:image:width\" content=\"2560\" \/>\n\t<meta property=\"og:image:height\" content=\"1707\" \/>\n\t<meta property=\"og:image:type\" content=\"image\/jpeg\" \/>\n<meta name=\"twitter:card\" content=\"summary_large_image\" \/>\n<meta name=\"twitter:label1\" content=\"Ansl. lesetid\" \/>\n\t<meta name=\"twitter:data1\" content=\"1 minutt\" \/>\n<script type=\"application\/ld+json\" class=\"yoast-schema-graph\">{\"@context\":\"https:\\\/\\\/schema.org\",\"@graph\":[{\"@type\":\"WebPage\",\"@id\":\"https:\\\/\\\/oconnors.stage.dekodes.no\\\/stavanger\\\/drikke\\\/\",\"url\":\"https:\\\/\\\/oconnors.stage.dekodes.no\\\/stavanger\\\/drikke\\\/\",\"name\":\"Drikke - O&#039;Connors Stavanger\",\"isPartOf\":{\"@id\":\"https:\\\/\\\/oconnors.stage.dekodes.no\\\/stavanger\\\/#website\"},\"primaryImageOfPage\":{\"@id\":\"https:\\\/\\\/oconnors.stage.dekodes.no\\\/stavanger\\\/drikke\\\/#primaryimage\"},\"image\":{\"@id\":\"https:\\\/\\\/oconnors.stage.dekodes.no\\\/stavanger\\\/drikke\\\/#primaryimage\"},\"thumbnailUrl\":\"https:\\\/\\\/resthon.stage.dekodes.no\\\/content\\\/uploads\\\/sites\\\/6\\\/2024\\\/10\\\/7IV4650-scaled.jpg\",\"datePublished\":\"2024-10-11T13:00:16+00:00\",\"dateModified\":\"2025-07-01T11:11:03+00:00\",\"breadcrumb\":{\"@id\":\"https:\\\/\\\/oconnors.stage.dekodes.no\\\/stavanger\\\/drikke\\\/#breadcrumb\"},\"inLanguage\":\"nb-NO\",\"potentialAction\":[{\"@type\":\"ReadAction\",\"target\":[\"https:\\\/\\\/oconnors.stage.dekodes.no\\\/stavanger\\\/drikke\\\/\"]}]},{\"@type\":\"ImageObject\",\"inLanguage\":\"nb-NO\",\"@id\":\"https:\\\/\\\/oconnors.stage.dekodes.no\\\/stavanger\\\/drikke\\\/#primaryimage\",\"url\":\"https:\\\/\\\/resthon.stage.dekodes.no\\\/content\\\/uploads\\\/sites\\\/6\\\/2024\\\/10\\\/7IV4650-scaled.jpg\",\"contentUrl\":\"https:\\\/\\\/resthon.stage.dekodes.no\\\/content\\\/uploads\\\/sites\\\/6\\\/2024\\\/10\\\/7IV4650-scaled.jpg\",\"width\":2560,\"height\":1707},{\"@type\":\"BreadcrumbList\",\"@id\":\"https:\\\/\\\/oconnors.stage.dekodes.no\\\/stavanger\\\/drikke\\\/#breadcrumb\",\"itemListElement\":[{\"@type\":\"ListItem\",\"position\":1,\"name\":\"Home\",\"item\":\"https:\\\/\\\/oconnors.stage.dekodes.no\\\/stavanger\\\/\"},{\"@type\":\"ListItem\",\"position\":2,\"name\":\"Drikke\"}]},{\"@type\":\"WebSite\",\"@id\":\"https:\\\/\\\/oconnors.stage.dekodes.no\\\/stavanger\\\/#website\",\"url\":\"https:\\\/\\\/oconnors.stage.dekodes.no\\\/stavanger\\\/\",\"name\":\"O&#039;Connors Stavanger\",\"description\":\"\",\"publisher\":{\"@id\":\"https:\\\/\\\/oconnors.stage.dekodes.no\\\/stavanger\\\/#organization\"},\"potentialAction\":[{\"@type\":\"SearchAction\",\"target\":{\"@type\":\"EntryPoint\",\"urlTemplate\":\"https:\\\/\\\/oconnors.stage.dekodes.no\\\/stavanger\\\/?s={search_term_string}\"},\"query-input\":{\"@type\":\"PropertyValueSpecification\",\"valueRequired\":true,\"valueName\":\"search_term_string\"}}],\"inLanguage\":\"nb-NO\"},{\"@type\":\"Organization\",\"@id\":\"https:\\\/\\\/oconnors.stage.dekodes.no\\\/stavanger\\\/#organization\",\"name\":\"O&#039;Connors Stavanger\",\"url\":\"https:\\\/\\\/oconnors.stage.dekodes.no\\\/stavanger\\\/\",\"logo\":{\"@type\":\"ImageObject\",\"inLanguage\":\"nb-NO\",\"@id\":\"https:\\\/\\\/oconnors.stage.dekodes.no\\\/stavanger\\\/#\\\/schema\\\/logo\\\/image\\\/\",\"url\":\"https:\\\/\\\/resthon.stage.dekodes.no\\\/content\\\/uploads\\\/sites\\\/6\\\/2024\\\/08\\\/oconnors-stavanger-logo-hilser.svg\",\"contentUrl\":\"https:\\\/\\\/resthon.stage.dekodes.no\\\/content\\\/uploads\\\/sites\\\/6\\\/2024\\\/08\\\/oconnors-stavanger-logo-hilser.svg\",\"caption\":\"O&#039;Connors Stavanger\"},\"image\":{\"@id\":\"https:\\\/\\\/oconnors.stage.dekodes.no\\\/stavanger\\\/#\\\/schema\\\/logo\\\/image\\\/\"}}]}<\/script>\n<!-- \/ Yoast SEO Premium plugin. -->","yoast_head_json":{"title":"Drikke - O&#039;Connors Stavanger","robots":{"index":"noindex","follow":"follow","max-snippet":"max-snippet:-1","max-image-preview":"max-image-preview:large","max-video-preview":"max-video-preview:-1"},"og_locale":"nb_NO","og_type":"article","og_title":"Drikke","og_description":"Velkommen til en smaksopplevelse! Enhver irsk pub med respekt for seg selv og sine gjester...","og_url":"https:\/\/oconnors.stage.dekodes.no\/stavanger\/drikke\/","og_site_name":"O&#039;Connors Stavanger","article_modified_time":"2025-07-01T11:11:03+00:00","og_image":[{"width":2560,"height":1707,"url":"https:\/\/resthon.stage.dekodes.no\/content\/uploads\/sites\/6\/2024\/10\/7IV4650-scaled.jpg","type":"image\/jpeg"}],"twitter_card":"summary_large_image","twitter_misc":{"Ansl. lesetid":"1 minutt"},"schema":{"@context":"https:\/\/schema.org","@graph":[{"@type":"WebPage","@id":"https:\/\/oconnors.stage.dekodes.no\/stavanger\/drikke\/","url":"https:\/\/oconnors.stage.dekodes.no\/stavanger\/drikke\/","name":"Drikke - O&#039;Connors Stavanger","isPartOf":{"@id":"https:\/\/oconnors.stage.dekodes.no\/stavanger\/#website"},"primaryImageOfPage":{"@id":"https:\/\/oconnors.stage.dekodes.no\/stavanger\/drikke\/#primaryimage"},"image":{"@id":"https:\/\/oconnors.stage.dekodes.no\/stavanger\/drikke\/#primaryimage"},"thumbnailUrl":"https:\/\/resthon.stage.dekodes.no\/content\/uploads\/sites\/6\/2024\/10\/7IV4650-scaled.jpg","datePublished":"2024-10-11T13:00:16+00:00","dateModified":"2025-07-01T11:11:03+00:00","breadcrumb":{"@id":"https:\/\/oconnors.stage.dekodes.no\/stavanger\/drikke\/#breadcrumb"},"inLanguage":"nb-NO","potentialAction":[{"@type":"ReadAction","target":["https:\/\/oconnors.stage.dekodes.no\/stavanger\/drikke\/"]}]},{"@type":"ImageObject","inLanguage":"nb-NO","@id":"https:\/\/oconnors.stage.dekodes.no\/stavanger\/drikke\/#primaryimage","url":"https:\/\/resthon.stage.dekodes.no\/content\/uploads\/sites\/6\/2024\/10\/7IV4650-scaled.jpg","contentUrl":"https:\/\/resthon.stage.dekodes.no\/content\/uploads\/sites\/6\/2024\/10\/7IV4650-scaled.jpg","width":2560,"height":1707},{"@type":"BreadcrumbList","@id":"https:\/\/oconnors.stage.dekodes.no\/stavanger\/drikke\/#breadcrumb","itemListElement":[{"@type":"ListItem","position":1,"name":"Home","item":"https:\/\/oconnors.stage.dekodes.no\/stavanger\/"},{"@type":"ListItem","position":2,"name":"Drikke"}]},{"@type":"WebSite","@id":"https:\/\/oconnors.stage.dekodes.no\/stavanger\/#website","url":"https:\/\/oconnors.stage.dekodes.no\/stavanger\/","name":"O&#039;Connors Stavanger","description":"","publisher":{"@id":"https:\/\/oconnors.stage.dekodes.no\/stavanger\/#organization"},"potentialAction":[{"@type":"SearchAction","target":{"@type":"EntryPoint","urlTemplate":"https:\/\/oconnors.stage.dekodes.no\/stavanger\/?s={search_term_string}"},"query-input":{"@type":"PropertyValueSpecification","valueRequired":true,"valueName":"search_term_string"}}],"inLanguage":"nb-NO"},{"@type":"Organization","@id":"https:\/\/oconnors.stage.dekodes.no\/stavanger\/#organization","name":"O&#039;Connors Stavanger","url":"https:\/\/oconnors.stage.dekodes.no\/stavanger\/","logo":{"@type":"ImageObject","inLanguage":"nb-NO","@id":"https:\/\/oconnors.stage.dekodes.no\/stavanger\/#\/schema\/logo\/image\/","url":"https:\/\/resthon.stage.dekodes.no\/content\/uploads\/sites\/6\/2024\/08\/oconnors-stavanger-logo-hilser.svg","contentUrl":"https:\/\/resthon.stage.dekodes.no\/content\/uploads\/sites\/6\/2024\/08\/oconnors-stavanger-logo-hilser.svg","caption":"O&#039;Connors Stavanger"},"image":{"@id":"https:\/\/oconnors.stage.dekodes.no\/stavanger\/#\/schema\/logo\/image\/"}}]}},"_links":{"self":[{"href":"https:\/\/oconnors.stage.dekodes.no\/stavanger\/wp-json\/wp\/v2\/pages\/87","targetHints":{"allow":["GET"]}}],"collection":[{"href":"https:\/\/oconnors.stage.dekodes.no\/stavanger\/wp-json\/wp\/v2\/pages"}],"about":[{"href":"https:\/\/oconnors.stage.dekodes.no\/stavanger\/wp-json\/wp\/v2\/types\/page"}],"author":[{"embeddable":true,"href":"https:\/\/oconnors.stage.dekodes.no\/stavanger\/wp-json\/wp\/v2\/users\/1"}],"replies":[{"embeddable":true,"href":"https:\/\/oconnors.stage.dekodes.no\/stavanger\/wp-json\/wp\/v2\/comments?post=87"}],"version-history":[{"count":5,"href":"https:\/\/oconnors.stage.dekodes.no\/stavanger\/wp-json\/wp\/v2\/pages\/87\/revisions"}],"predecessor-version":[{"id":385,"href":"https:\/\/oconnors.stage.dekodes.no\/stavanger\/wp-json\/wp\/v2\/pages\/87\/revisions\/385"}],"wp:featuredmedia":[{"embeddable":true,"href":"https:\/\/oconnors.stage.dekodes.no\/stavanger\/wp-json\/wp\/v2\/media\/101"}],"wp:attachment":[{"href":"https:\/\/oconnors.stage.dekodes.no\/stavanger\/wp-json\/wp\/v2\/media?parent=87"}],"curies":[{"name":"wp","href":"https:\/\/api.w.org\/{rel}","templated":true}]}}